{"id":748,"date":"2024-01-24T14:19:00","date_gmt":"2024-01-24T12:19:00","guid":{"rendered":"https:\/\/cleaneasybugaderies.com\/politica-de-cookies\/"},"modified":"2026-02-25T14:58:04","modified_gmt":"2026-02-25T12:58:04","slug":"politica-de-cookies","status":"publish","type":"page","link":"https:\/\/cleaneasybugaderies.com\/es\/politica-de-cookies\/","title":{"rendered":"Pol\u00edtica de cookies"},"content":{"rendered":"<section class=\"l-section wpb_row height_medium\"><div class=\"l-section-h i-cf\"><div class=\"g-cols vc_row via_grid cols_1 laptops-cols_inherit tablets-cols_inherit mobiles-cols_1 valign_top type_default stacking_default\"><div class=\"wpb_column vc_column_container\"><div class=\"vc_column-inner\"><div class=\"wpb_text_column us_custom_4f24afa8\"><div class=\"wpb_wrapper\"><h2>Pol\u00edtica de cookies<\/h2>\n<\/div><\/div><div class=\"wpb_text_column\"><div class=\"wpb_wrapper\"><p>La LSSI-CE, obliga a todos los que tenemos un blog o una web a advertir al usuario de la existencia de cookies, informar sobre ellas y requerir permiso para descargarlas.<\/p>\n<p>Art\u00edculo 22.2 de la Ley 34\/2002. \u201cLos prestamistas de servicios podr\u00e1n utilizar dispositivos de almacenamiento y recuperaci\u00f3n de datos en equipos terminales de los destinatarios, a condici\u00f3n de que los mismos hayan dado su consentimiento despu\u00e9s de que se los haya facilitado informaci\u00f3n clara y completa sobre su utilizaci\u00f3n, en particular, sobre los fines del tratamiento de los datos, con arreglo al que se dispone en la Ley Org\u00e1nica 15\/1999, de 13 de diciembre, de Protecci\u00f3n de Datos de Car\u00e1cter Personal\u201d.<\/p>\n<p>Como responsable de esta web, me he esmerado a cumplir con el m\u00e1ximo rigor el art\u00edculo 22.2 el de la Ley 34\/2002 de Servicios de la Sociedad de la Informaci\u00f3n y E-commerce en lo referente a las cookies, sin embargo, teniendo en cuenta la forma en la cual funciona Internet y los sitios web, no siempre es posible contar con informaci\u00f3n actualizada de las cookies que terceras partes puedan utilizar a trav\u00e9s de este sitio web.<\/p>\n<p>Esto se aplica especialmente a casos en los cuales esta p\u00e1gina web contiene elementos integrados: es decir, textos, documentos, im\u00e1genes o breves pel\u00edculas que se almacenan en otra parte, pero se muestran en nuestro sitio web.<\/p>\n<p>Por consiguiente, en caso de que te encuentres con este tipo de cookies en este sitio web y no est\u00e9n enumeradas en la lista siguiente, te ruego que me lo comuniques. Tambi\u00e9n puedes ponerte en contacto directamente con el tercero para pedirle informaci\u00f3n sobre las cookies que coloca, la finalidad y la duraci\u00f3n de la cookie, y como ha garantizado su privacidad.<\/p>\n<p><strong>Previo.- Qu\u00e9 son las Cookies?<\/strong><\/p>\n<p>Las cookies constituyen una herramienta empleada por los servidores Web para almacenar y recuperar informaci\u00f3n sobre sus visitantes.<\/p>\n<p>No es m\u00e1s que un fichero de texto que algunos servidores pidan a nuestro navegador que escriba en nuestro disco duro, con informaci\u00f3n sobre el que hemos estado haciendo por sus p\u00e1ginas.<\/p>\n<p>Poseen una fecha de caducidad, que puede oscilar desde el tiempo que dure la sesi\u00f3n hasta una fecha futura especificada, a partir de la cual dejan de ser operativa.<\/p>\n<p><strong>1. Las cookies que utiliza esta web<\/strong><\/p>\n<p>En esta web se utilizan cookies propias y de terceros para conseguir que tengas una mejor experiencia de navegaci\u00f3n, puedas compartir contenido en redes sociales, para mostrarte anuncios en funci\u00f3n a tus intereses y para obtener estad\u00edsticas de usuarios.<\/p>\n<p>Las cookies empleadas en https:\/\/creandoconaty.com se asocian \u00fanicamente con un Usuario an\u00f3nimo y su ordenador, no proporcionan referencias que permitan deducir el nombre y apellidos del Usuario y no pueden leer datos de su disco duro ni incluir virus en sus textos.<\/p>\n<p>As\u00ed mismo, https:\/\/www.cleaneasybugaderies.com\/ no puede leer las cookies implantadas en el disco duro del Usuario desde otros servidores.<\/p>\n<p>El usuario puede libremente decidir sobre la implantaci\u00f3n o no en su disco duro de las cookies empleadas en https:\/\/www.cleaneasybugaderies.com\/. En este sentido, el usuario puede configurar su navegador para aceptar o rechazar por defecto todas las cookies o para recibir un aviso en pantalla de la recepci\u00f3n de cada cookie y decidir en este momento su implantaci\u00f3n o no en su disco duro. Para lo cual le sugerimos consultar la secci\u00f3n de ayuda de su navegador para saber c\u00f3mo cambiar la configuraci\u00f3n que actualmente emplea.<\/p>\n<p>Aunque el Usuario configurara su navegador para rechazar todas las cookies o rechazara expresamente las cookies de https:\/\/www.cleaneasybugaderies.com\/ podr\u00e1 navegar por el Portal con el \u00fanico inconveniente de no poder disfrutar de las funcionalidades del Portal que requieran la instalaci\u00f3n de alguna de ellas. En cualquier caso, el Usuario podr\u00e1 eliminar las cookies implantadas en su disco duro en cualquier momento, siguiendo el procedimiento establecido en la secci\u00f3n de ayuda de su navegador y que posteriormente detallaremos.<\/p>\n<p>Como usuario, puedes rechazar el tratamiento de los datos o la informaci\u00f3n bloqueando estas cookies mediante la configuraci\u00f3n apropiada de tu navegador. Sin embargo, tienes que saber que, si lo haces, este lugar no funcione adecuadamente.<\/p>\n<p>Seg\u00fan los t\u00e9rminos incluidos en el art\u00edculo 22.2 de la Ley 34\/2002 de Servicios de la Sociedad de la Informaci\u00f3n y E-commerce, si contin\u00faas navegando, estar\u00e1s prestando tu consentimiento para el uso de las cookies que detallo a continuaci\u00f3n.<\/p>\n<p>Las cookies de esta web ayudan a:<\/p>\n<ul>\n<li>Hacer que esta web funcione correctamente<\/li>\n<li>Ahorrarle el tener que iniciar sesi\u00f3n cada vez que visitas este lugar<\/li>\n<li>Recordarte tus ajustes durando y entre las visitas<\/li>\n<li>Permitirte visualizar videos<\/li>\n<li>Mejorar la velocidad \/ seguridad del lugar<\/li>\n<li>Que pueda compartir p\u00e1ginas con redes sociales<\/li>\n<li>Mejorar continuamente de este sitio web<\/li>\n<li>Mostrarte anuncios en funci\u00f3n de tus h\u00e1bitos de navegaci\u00f3n<\/li>\n<\/ul>\n<p>No utilizar\u00e9 nunca las cookies para:<\/p>\n<ul>\n<li>Recoger informaci\u00f3n de identificaci\u00f3n personal (sin tu permiso expr\u00e9s)<\/li>\n<li>Recoger informaci\u00f3n sensible (sin tu permiso expr\u00e9s)<\/li>\n<li>Compartir datos de identificaci\u00f3n personal a terceros<\/li>\n<\/ul>\n<p><strong>2. Cookies de terceros que utilizamos en esta web y que tienes que conocer<\/strong><\/p>\n<p>Esta web, como la mayor\u00eda de sitios web, incluye funcionalidades proporcionadas por terceros.<\/p>\n<p>Tambi\u00e9n se ponen a prueba regularmente nuevos dise\u00f1os o servicios de terceros para recomendaciones e informes.<\/p>\n<p>Esto puede modificar ocasionalmente la configuraci\u00f3n de cookies y que aparezcan cookies no detalladas en la presente pol\u00edtica. Es importante que sepas que son cookies provisionales que no siempre es posible informar y que solo tienen finalidades de estudio y valoraci\u00f3n. En ning\u00fan caso se utilizar\u00e1n cookies que comprometan tu privacidad.<\/p>\n<p>Entre las cookies de terceros m\u00e1s establos est\u00e1n:<\/p>\n<ul>\n<li>Las generadas por servicios de an\u00e1lisis, concretamente, Google Analytics para ayudar el website a analizar el uso que hacen los Usuarios del sitio web y mejorar la usabilidad de este, pero en ning\u00fan caso se asocian a datos que pudieran llegar a identificar al usuario. Google Analytics, es un servicio anal\u00edtico de web prestado por Google, Inc., una compa\u00f1\u00eda de Delaware la oficina principal de la cual est\u00e1 en 1600 Amphitheatre Parkway, Mountain View (California), CA 94043, los Estados Unidos (\u201cGoogle\u201d). El usuario puede consultar aqu\u00ed el tipo de cookies utilizadas por Google. Cookie de Google+ y Google Maps, seg\u00fan lo dispuesto en su p\u00e1gina sobre qu\u00e9 tipo de cookies utilizan.<\/li>\n<li>WordPress: https:\/\/www.cleaneasybugaderies.com\/ es usuaria de la plataforma de suministro y alojamiento de blogs WordPress, propiedad de la empresa norteamericana Automattic, Inc. A tales efectos, el uso de tales cookies por los sistemas no nunca est\u00e1n bajo control o gesti\u00f3n de la responsable de la web, pueden cambiar su funci\u00f3n en cualquier momento, y entrar cookies nuevas. Estas cookies tampoco reportan al responsable de este web beneficio ninguno. Automattic, Inc., utiliza adem\u00e1s otros cookies con el fin de ayudar a identificar y rastrear a los visitantes de los lugares de WordPress, conocer el uso que hacen del sitio web de Automattic, as\u00ed como sus preferencias de acceso a este, tal como se recoge en el apartado \u201cCookies\u201d de su pol\u00edtica de privacidad.<\/li>\n<li>Cookies de redes sociales: Las Cookies de redes sociales pueden almacenarse en su navegador mientras navega por www.cleaneasybugaderies.com por ejemplo, cuando utiliza el bot\u00f3n de compartir contenidos de www.cleaneasybugaderies.com en alguna red social. Las empresas que generan estas cookies correspondientes en las redes sociales que utiliza esta web tienen sus propias pol\u00edticas de cookies:\n<ul>\n<li>Facebook: <a href=\"https:\/\/www.facebook.com\/legal\/FB_Work_Privacy\" target=\"_blank\" rel=\"noopener\">https:\/\/www.facebook.como\/legal\/FB_*Work_*Privacy<\/a><\/li>\n<li>Twitter: <a href=\"https:\/\/twitter.com\/privacy\" target=\"_blank\" rel=\"noopener\">https:\/\/twitter.com\/privacy<\/a><\/li>\n<li>Instagram: <a href=\"https:\/\/help.instagram.com\/155833707900388\" target=\"_blank\" rel=\"noopener\">https:\/\/help.instagram.com\/155833707900388<\/a><\/li>\n<li>Google: <a href=\"https:\/\/privacy.google.com\/\" target=\"_blank\" rel=\"noopener\">https:\/\/privacy.google.com\/<\/a><\/li>\n<\/ul>\n<\/li>\n<\/ul>\n<p>Las implicaciones de privacidad estar\u00e1n en funci\u00f3n en cada red social y depender\u00e1n de la configuraci\u00f3n de privacidad que ha elegido en estas redes. En ning\u00fan caso, ni el responsable de esta web ni los anunciantes pueden obtener informaci\u00f3n personal identificable de estas cookies.<\/p>\n<p>A continuaci\u00f3n, y seg\u00fan exige el art\u00edculo 22.2 de la LSSI se detallan las cookies que pueden instalarse habitualmente durante la navegaci\u00f3n por este sitio web:<\/p>\n<table width=\"643\">\n<tbody>\n<tr>\n<td width=\"66\">Cookie<\/td>\n<td width=\"452\">Descripci\u00f3n<\/td>\n<td width=\"55\">Duraci\u00f3n<\/td>\n<td width=\"70\">Tipo<\/td>\n<\/tr>\n<tr>\n<td width=\"66\">_ga<\/td>\n<td width=\"452\">Esta cookie es instalada por Google Analytics. La cookie se utiliza para calcular los datos de visitantes, sesiones y campa\u00f1as y realizar un seguimiento del uso del lugar para el informe de an\u00e1lisis del lugar. Las cookies almacenan informaci\u00f3n de manera an\u00f3nima y asignan un n\u00famero generado aleatoriamente para identificar visitantes \u00fanicos.<\/td>\n<td width=\"55\">2 a\u00f1os<\/td>\n<td width=\"70\">Anal\u00edtica<\/td>\n<\/tr>\n<tr>\n<td width=\"66\">_gid<\/td>\n<td width=\"452\">Esta cookie es instalada por Google Analytics. La cookie se utiliza para almacenar informaci\u00f3n sobre como los visitantes usan un sitio web y ayuda a crear un informe anal\u00edtico de c\u00f3mo est\u00e1 funcionando el sitio web. Los datos recopilados, incluido el n\u00famero de visitantes, la fuente de donde provienen y las p\u00e1ginas, se muestran de manera an\u00f3nima.<\/td>\n<td width=\"55\">1 d\u00eda<\/td>\n<td width=\"70\">Anal\u00edtica<\/td>\n<\/tr>\n<tr>\n<td width=\"66\">_gato_UA-52576268-6<\/td>\n<td width=\"452\">Esta es una cookie de tipo patr\u00f3n establecida por Google Analytics, donde el elemento de patr\u00f3n en el nombre contiene el n\u00famero de identidad \u00fanico de la cuenta o sitio web con el cual se relaciona. Se utiliza para limitar la cantidad de datos registrados por Google en sitios web de alto volumen de tr\u00e1fico<\/td>\n<td width=\"55\">1 minuto<\/td>\n<td width=\"70\">Rendimiento<\/td>\n<\/tr>\n<tr>\n<td width=\"66\">_fbp<\/td>\n<td width=\"452\">Facebook configura esta cookie para librar publicidad cuando est\u00e1n en Facebook o en una plataforma digital impulsada por publicidad de Facebook despu\u00e9s de visitar este sitio web.<\/td>\n<td width=\"55\">2 meses<\/td>\n<td width=\"70\">Publicidad<\/td>\n<\/tr>\n<tr>\n<td width=\"66\">fr<\/td>\n<td width=\"452\">Facebook establece la cookie para mostrar anuncios relevantes en los usuarios y mesurar y mejorar los anuncios. La cookie tambi\u00e9n rastrea el comportamiento del usuario en la web en lugares que tienen p\u00edxeles de Facebook o complementos sociales de Facebook.<\/td>\n<td width=\"55\">2 meses<\/td>\n<td width=\"70\">Publicidad<\/td>\n<\/tr>\n<\/tbody>\n<\/table>\n<p>&nbsp;<\/p>\n<p><strong>3. C\u00f3mo puedo gestionar y desactivar estas cookies?<\/strong><\/p>\n<p>En el caso de no desear que el sitio web no instale ninguno cookie en tu equipo, hay la posibilidad de adaptar tu navegador de forma que se te notifique antes de que se descargue ninguno cookie.<\/p>\n<p>As\u00ed las cosas, se puede igualmente modificar la configuraci\u00f3n del navegador de forma que rechace todas las cookies o \u00fanicamente las cookies de terceros. Tambi\u00e9n puedes eliminar cualquier de las cookies que ya se encuentren en tu equipo. Ten en cuenta que tendr\u00e1s que adaptar por separado la configuraci\u00f3n de cada navegador y equipo que utilices.<\/p>\n<p>https:\/\/www.www.cleaneasybugaderies.com\/pone a disposici\u00f3n de los usuarios que quieran impedir la instalaci\u00f3n de las mencionadas cookies, enlaces facilitados a tal efecto por navegadores el uso de los cuales se considera m\u00e1s extendido:<\/p>\n<ul>\n<li>Google Chrome: <a href=\"https:\/\/www.google.es\/chrome\" target=\"_blank\" rel=\"noopener\">https:\/\/www.google.se\/chrome<\/a><\/li>\n<li>Internet Explorer: <a href=\"https:\/\/www.microsoft.com\/es-es\/download\/internet-explorer.aspx\" target=\"_blank\" rel=\"noopener\">https:\/\/www.microsoft.com\/es-es\/download\/internet-explorer.aspx<\/a><\/li>\n<li>Mozilla Firefox: <a href=\"https:\/\/www.mozilla.org\/es-ES\/\" target=\"_blank\" rel=\"noopener\">https:\/\/www.mozilla.org\/es-es\/<\/a><\/li>\n<li>Apple Safari: <a href=\"https:\/\/www.apple.com\/es\/safar\" target=\"_blank\" rel=\"noopener\">https:\/\/www.apple.com\/es\/safar<\/a><\/li>\n<\/ul>\n<\/div><\/div><\/div><\/div><\/div><\/div><\/section>\n","protected":false},"excerpt":{"rendered":"Pol\u00edtica de cookies La LSSI-CE, obliga a todos los que tenemos un blog o una web a advertir al usuario de la existencia de cookies, informar sobre ellas y requerir permiso para descargarlas. Art\u00edculo 22.2 de la Ley 34\/2002. \u201cLos prestamistas de servicios podr\u00e1n utilizar dispositivos de almacenamiento y recuperaci\u00f3n de datos en equipos terminales...","protected":false},"author":1,"featured_media":0,"parent":0,"menu_order":0,"comment_status":"closed","ping_status":"closed","template":"","meta":{"_uf_show_specific_survey":0,"_uf_disable_surveys":false,"footnotes":""},"class_list":["post-748","page","type-page","status-publish","hentry"],"aioseo_notices":[],"_links":{"self":[{"href":"https:\/\/cleaneasybugaderies.com\/es\/wp-json\/wp\/v2\/pages\/748","targetHints":{"allow":["GET"]}}],"collection":[{"href":"https:\/\/cleaneasybugaderies.com\/es\/wp-json\/wp\/v2\/pages"}],"about":[{"href":"https:\/\/cleaneasybugaderies.com\/es\/wp-json\/wp\/v2\/types\/page"}],"author":[{"embeddable":true,"href":"https:\/\/cleaneasybugaderies.com\/es\/wp-json\/wp\/v2\/users\/1"}],"replies":[{"embeddable":true,"href":"https:\/\/cleaneasybugaderies.com\/es\/wp-json\/wp\/v2\/comments?post=748"}],"version-history":[{"count":6,"href":"https:\/\/cleaneasybugaderies.com\/es\/wp-json\/wp\/v2\/pages\/748\/revisions"}],"predecessor-version":[{"id":3053,"href":"https:\/\/cleaneasybugaderies.com\/es\/wp-json\/wp\/v2\/pages\/748\/revisions\/3053"}],"wp:attachment":[{"href":"https:\/\/cleaneasybugaderies.com\/es\/wp-json\/wp\/v2\/media?parent=748"}],"curies":[{"name":"wp","href":"https:\/\/api.w.org\/{rel}","templated":true}]}}