{"id":745,"date":"2024-01-19T11:11:01","date_gmt":"2024-01-19T09:11:01","guid":{"rendered":"https:\/\/cleaneasybugaderies.com\/responsabilidad-social-corporativa\/"},"modified":"2026-03-01T18:08:16","modified_gmt":"2026-03-01T16:08:16","slug":"responsabilidad-social-corporativa","status":"publish","type":"page","link":"https:\/\/cleaneasybugaderies.com\/es\/responsabilidad-social-corporativa\/","title":{"rendered":"Responsabilidad Social Corporativa"},"content":{"rendered":"<section class=\"l-section wpb_row inrHd hdMd hide_on_tablets hide_on_mobiles height_small\" id=\"sldMd\"><div class=\"l-section-h i-cf\"><div class=\"g-cols vc_row via_grid cols_1 laptops-cols_inherit tablets-cols_inherit mobiles-cols_1 valign_top type_default stacking_default\"><div class=\"wpb_column vc_column_container hide_on_mobiles\"><div class=\"vc_column-inner\"><div class=\"w-vwrapper us_custom_2756c131 align_none valign_bottom\" style=\"--vwrapper-gap:0rem\"><div class=\"wpb_text_column us_custom_4a593b65 us_animate_this\"><div class=\"wpb_wrapper\"><h1>Responsabilidad Social Corporativa<\/h1>\n<\/div><\/div><div class=\"wpb_text_column us_custom_a518f36e us_animate_this\"><div class=\"wpb_wrapper\"><h2>Conocemos el impacto socioecon\u00f3mico y medioambiental que generamos<\/h2>\n<\/div><\/div><\/div><\/div><\/div><\/div><\/div><\/section><section class=\"l-section wpb_row inrHd hdMd hide_on_default hide_on_laptops height_small\" id=\"sldMd\"><div class=\"l-section-h i-cf\"><div class=\"g-cols vc_row via_grid cols_1 laptops-cols_inherit tablets-cols_inherit mobiles-cols_1 valign_top type_default stacking_default\"><div class=\"wpb_column vc_column_container hide_on_default\"><div class=\"vc_column-inner\"><div class=\"w-vwrapper us_custom_c7073201 align_center valign_middle\" style=\"--vwrapper-gap:0rem\"><div class=\"wpb_text_column us_custom_4a593b65 us_animate_this\"><div class=\"wpb_wrapper\"><h1 style=\"text-align: center;\">Responsabilidad Social Corporativa<\/h1>\n<\/div><\/div><div class=\"wpb_text_column us_custom_a518f36e us_animate_this\"><div class=\"wpb_wrapper\"><h2 style=\"text-align: center;\">Conocemos el impacto socioecon\u00f3mico y medioambiental que generamos<\/h2>\n<\/div><\/div><\/div><\/div><\/div><\/div><\/div><\/section><section class=\"l-section wpb_row height_medium\" id=\"rscMd\"><div class=\"l-section-h i-cf\"><div class=\"g-cols vc_row via_grid cols_1 laptops-cols_inherit tablets-cols_inherit mobiles-cols_1 valign_top type_default stacking_default\"><div class=\"wpb_column vc_column_container\"><div class=\"vc_column-inner\"><div class=\"wpb_text_column\"><div class=\"wpb_wrapper\"><h3 style=\"text-align: center;\">A CLEAN &amp; EASY la lavander\u00eda del barrio<\/h3>\n<\/div><\/div><div class=\"wpb_text_column\"><div class=\"wpb_wrapper\"><p style=\"text-align: center;\">Estamos concienciados de la nuestra Responsabilidad Social Corporativa<\/p>\n<\/div><\/div><div class=\"g-cols wpb_row us_custom_173c0608 rscRw via_grid cols_2 laptops-cols_inherit tablets-cols_inherit mobiles-cols_1 valign_top type_default stacking_default\" style=\"--gap:0.5rem;\"><div class=\"wpb_column vc_column_container us_custom_60e9caca us_animate_this\"><div class=\"vc_column-inner\"><div class=\"w-ibanner us_custom_8468dd7d has_text_color animation_melete ratio_3x2 easing_easeInOutExpo\"><div class=\"w-ibanner-h\"><div class=\"w-ibanner-image\" style=\"background-image: url(https:\/\/cleaneasybugaderies.com\/wp-content\/uploads\/2024\/01\/mediambient-thumb.jpg)\"><\/div><div class=\"w-ibanner-content\"><div class=\"w-ibanner-content-h\"><h2 class=\"w-ibanner-title\">Compromesos amb la sostenibilitat<\/h2><div class=\"w-ibanner-desc\"><p>Clean &amp; Easy es una lavander\u00eda ecol\u00f3gica con productos que reducen el impacto de los residuos que abocamos.<\/p>\n<\/div><\/div><\/div><\/div><\/div><div class=\"w-vwrapper us_custom_0db6f858 Txtbtm has_text_color align_center valign_top\" style=\"--vwrapper-gap:0.5rem\"><div class=\"wpb_text_column\"><div class=\"wpb_wrapper\"><h3 style=\"text-align: center;\">MEDIO AMBIENTE<\/h3>\n<\/div><\/div><div class=\"wpb_text_column\"><div class=\"wpb_wrapper\"><p style=\"text-align: center;\">Productos ecol\u00f3gicos<\/p>\n<\/div><\/div><\/div><\/div><\/div><div class=\"wpb_column vc_column_container us_custom_de366d1c us_animate_this\"><div class=\"vc_column-inner\"><div class=\"w-ibanner us_custom_8468dd7d has_text_color animation_melete ratio_3x2 easing_easeInOutExpo\"><div class=\"w-ibanner-h\"><div class=\"w-ibanner-image\" style=\"background-image: url(https:\/\/cleaneasybugaderies.com\/wp-content\/uploads\/2024\/01\/impactesocial-thumb.jpg)\"><\/div><div class=\"w-ibanner-content\"><div class=\"w-ibanner-content-h\"><h2 class=\"w-ibanner-title\">Compromesos amb la accessibilitat<\/h2><div class=\"w-ibanner-desc\"><p>A la nostra botiga, la diversitat \u00e9s benvinguda i ens esforcem per adaptar-nos a les necessitats individuals de cada persona. Per aix\u00f2, hem habilitat instal\u00b7lacions que permeten el f\u00e0cil acc\u00e9s per a persones que utilitzen cadires de rodes. A m\u00e9s, per a garantir una comunicaci\u00f3 inclusiva, oferim m\u00faltiples opcions de contacte per a persones sordes, com WhatsApp, correu electr\u00f2nic i videotelefonades.<\/p>\n<\/div><\/div><\/div><\/div><\/div><div class=\"w-vwrapper us_custom_0db20381 Txtbtm align_center valign_top\" style=\"--vwrapper-gap:0.5rem\"><div class=\"wpb_text_column\"><div class=\"wpb_wrapper\"><h3 style=\"text-align: center;\">IMPACTO SOCIAL<\/h3>\n<\/div><\/div><div class=\"wpb_text_column\"><div class=\"wpb_wrapper\"><p style=\"text-align: center;\">Accesibilidad para personas con circunstancias especiales<\/p>\n<\/div><\/div><\/div><\/div><\/div><\/div><div class=\"g-cols wpb_row rscRw via_grid cols_2 laptops-cols_inherit tablets-cols_inherit mobiles-cols_1 valign_top type_default stacking_default\" style=\"--gap:0.5rem;\"><div class=\"wpb_column vc_column_container us_custom_8c71efed us_animate_this\"><div class=\"vc_column-inner\"><div class=\"w-ibanner us_custom_8468dd7d has_text_color animation_melete ratio_3x2 easing_easeInOutExpo\"><div class=\"w-ibanner-h\"><div class=\"w-ibanner-image\" style=\"background-image: url(https:\/\/cleaneasybugaderies.com\/wp-content\/uploads\/2024\/01\/impacte-social-thumb.jpg)\"><\/div><div class=\"w-ibanner-content\"><div class=\"w-ibanner-content-h\"><h2 class=\"w-ibanner-title\">Compromesos amb la diversitat<\/h2><div class=\"w-ibanner-desc\"><p>Nuestra empresa, concienciada de las dificultades de algunas familias, ofrecemos descuentos especiales en el servicio a domicilio para: Personas mayores de 65 a\u00f1os. Personas con una discapacidad superior al 30%. Personas con familia numerosa Infancia y adolescencia tutelados por servicios sociales Comedores sociales Residencias de personas sin hogar<\/p>\n<\/div><\/div><\/div><\/div><\/div><div class=\"w-vwrapper us_custom_0db20381 Txtbtm align_center valign_top\" style=\"--vwrapper-gap:0.5rem\"><div class=\"wpb_text_column\"><div class=\"wpb_wrapper\"><h3 style=\"text-align: center;\">IMPACTO SOCIAL<\/h3>\n<\/div><\/div><div class=\"wpb_text_column\"><div class=\"wpb_wrapper\"><p style=\"text-align: center;\">Descuentos especiales por quienes m\u00e1s lo necesita<\/p>\n<\/div><\/div><\/div><\/div><\/div><div class=\"wpb_column vc_column_container us_custom_03a0b499 us_animate_this\"><div class=\"vc_column-inner\"><div class=\"w-ibanner us_custom_8468dd7d has_text_color animation_melete ratio_3x2 easing_easeInOutExpo\"><div class=\"w-ibanner-h\"><div class=\"w-ibanner-image\" style=\"background-image: url(https:\/\/cleaneasybugaderies.com\/wp-content\/uploads\/2024\/01\/cuidemlatevaroba-thumb.jpg)\"><\/div><div class=\"w-ibanner-content\"><div class=\"w-ibanner-content-h\"><h2 class=\"w-ibanner-title\">Compromesos amb la teva roba<\/h2><div class=\"w-ibanner-desc\"><p> Nuestras lavadoras dosifican la cantidad adecuada de detergente y suavizando por no echar a perder tu ropa y reducir el exceso de productos que abocamos al alcantarillado. Utilizamos agua depurada por la mejor limpieza y cura de tus piezas.<\/p>\n<\/div><\/div><\/div><\/div><\/div><div class=\"w-vwrapper us_custom_0db20381 Txtbtm align_center valign_top\" style=\"--vwrapper-gap:0.5rem\"><div class=\"wpb_text_column\"><div class=\"wpb_wrapper\"><h3 style=\"text-align: center;\">CUIDAMOS TU ROPA<\/h3>\n<\/div><\/div><div class=\"wpb_text_column\"><div class=\"wpb_wrapper\"><p style=\"text-align: center;\">La cantidad adecuada<\/p>\n<\/div><\/div><\/div><\/div><\/div><\/div><div class=\"g-cols wpb_row rscRw via_grid cols_2 laptops-cols_inherit tablets-cols_inherit mobiles-cols_1 valign_top type_default stacking_default\" style=\"--gap:0.5rem;\"><div class=\"wpb_column vc_column_container us_custom_5c21531e\"><div class=\"vc_column-inner\"><div class=\"w-ibanner us_custom_8468dd7d has_text_color animation_melete ratio_3x2 easing_easeInOutExpo\"><div class=\"w-ibanner-h\"><div class=\"w-ibanner-image\" style=\"background-image: url(https:\/\/cleaneasybugaderies.com\/wp-content\/uploads\/2024\/01\/eficienciaenergetica-thumb.jpg)\"><\/div><div class=\"w-ibanner-content\"><div class=\"w-ibanner-content-h\"><h2 class=\"w-ibanner-title\">Compromesos amb l&#039;estalvi energ\u00e8tic<\/h2><div class=\"w-ibanner-desc\"><p>Nuestras instalaciones utilizan ledes y maquinaria con un menor consumo de agua, electricidad y emisiones de CO\u2082 para mejorar nuestra responsabilidad hacia el entorno teniendo en cuenta la sostenibilidad.<\/p>\n<\/div><\/div><\/div><\/div><\/div><div class=\"w-vwrapper us_custom_0db20381 Txtbtm align_center valign_top\" style=\"--vwrapper-gap:0.5rem\"><div class=\"wpb_text_column\"><div class=\"wpb_wrapper\"><h3 style=\"text-align: center;\">EFICIENCIA ENERG\u00c9TICA<\/h3>\n<\/div><\/div><div class=\"wpb_text_column\"><div class=\"wpb_wrapper\"><p style=\"text-align: center;\">M\u00e1quinas profesionales de \u00faltima generaci\u00f3n<\/p>\n<\/div><\/div><\/div><\/div><\/div><div class=\"wpb_column vc_column_container\"><div class=\"vc_column-inner\"><div class=\"w-ibanner us_custom_8468dd7d has_text_color animation_melete ratio_3x2 easing_easeInOutExpo\"><div class=\"w-ibanner-h\"><div class=\"w-ibanner-image\" style=\"background-image: url(https:\/\/cleaneasybugaderies.com\/wp-content\/uploads\/2026\/02\/DSC_4467-2-1-scaled.jpg)\"><\/div><div class=\"w-ibanner-content\"><div class=\"w-ibanner-content-h\"><h2 class=\"w-ibanner-title\">Comprometidos con el impacto medioambiental<\/h2><div class=\"w-ibanner-desc\"><p>Para reducir nuestro impacto medioambiental, hemos invertido en dos veh\u00edculos el\u00e9ctricos de cero emisiones.<\/p>\n<\/div><\/div><\/div><\/div><\/div><div class=\"w-vwrapper us_custom_0db20381 Txtbtm align_center valign_top\" style=\"--vwrapper-gap:0.5rem\"><div class=\"wpb_text_column\"><div class=\"wpb_wrapper\"><h3 style=\"text-align: center;\">Impacto medioambiental<\/h3>\n<\/div><\/div><div class=\"wpb_text_column\"><div class=\"wpb_wrapper\"><p style=\"text-align: center;\">Flota de veh\u00edculos el\u00e9ctricos con cero emisiones<\/p>\n<\/div><\/div><\/div><\/div><\/div><\/div><div class=\"w-btn-wrapper align_center\"><a class=\"w-btn us-btn-style_1\" href=\"https:\/\/cleaneasybugaderies.com\/es\/consejos\/\"><span class=\"w-btn-label\">\u00bfQuieres conocer algunos consejos profesionales?<\/span><\/a><\/div><\/div><\/div><\/div><\/div><\/section><section class=\"l-section wpb_row height_small\" id=\"bnrMd\"><div class=\"l-section-h i-cf\"><div class=\"g-cols vc_row via_grid cols_3 laptops-cols_inherit tablets-cols_inherit mobiles-cols_1 valign_top type_default stacking_default\" style=\"--gap:8px;\"><div class=\"wpb_column vc_column_container us_custom_60e9caca us_animate_this\"><div class=\"vc_column-inner\"><div class=\"w-ibanner animation_caeros ratio_2x1 easing_ease\"><div class=\"w-ibanner-h\"><div class=\"w-ibanner-image\" style=\"background-image: url(https:\/\/cleaneasybugaderies.com\/wp-content\/uploads\/2024\/01\/Consells-img.jpg)\"><\/div><div class=\"w-ibanner-content\"><div class=\"w-ibanner-content-h\"><h5 class=\"w-ibanner-title\">Consejos<\/h5><div class=\"w-ibanner-desc\"><\/div><\/div><\/div><\/div><a href=\"consells\" aria-label=\"Consejos\"><\/a><\/div><\/div><\/div><div class=\"wpb_column vc_column_container us_custom_de366d1c active us_animate_this\"><div class=\"vc_column-inner\"><div class=\"w-ibanner animation_caeros ratio_2x1 easing_ease\"><div class=\"w-ibanner-h\"><div class=\"w-ibanner-image\" style=\"background-image: url(https:\/\/cleaneasybugaderies.com\/wp-content\/uploads\/2024\/01\/Responsabilitat-Social-Corporativa-img.jpg)\"><\/div><div class=\"w-ibanner-content\"><div class=\"w-ibanner-content-h\"><h5 class=\"w-ibanner-title\">Responsabilidad Social Corporativa<\/h5><div class=\"w-ibanner-desc\"><\/div><\/div><\/div><\/div><a href=\"http:\/\/cleaneasybugaderies.com\/responsabilitat-social-corporativa\/\" aria-label=\"Responsabilidad Social Corporativa\"><\/a><\/div><\/div><\/div><div class=\"wpb_column vc_column_container us_custom_8c71efed us_animate_this\"><div class=\"vc_column-inner\"><div class=\"w-ibanner animation_caeros ratio_2x1 easing_ease\"><div class=\"w-ibanner-h\"><div class=\"w-ibanner-image\" style=\"background-image: url(https:\/\/cleaneasybugaderies.com\/wp-content\/uploads\/2026\/02\/correo-electronico-ancho-1024x424.png)\"><\/div><div class=\"w-ibanner-content\"><div class=\"w-ibanner-content-h\"><h5 class=\"w-ibanner-title\">Preguntas frecuentes<\/h5><div class=\"w-ibanner-desc\"><\/div><\/div><\/div><\/div><a href=\"preg\" aria-label=\"Preguntas frecuentes\"><\/a><\/div><\/div><\/div><\/div><\/div><\/section>\n","protected":false},"excerpt":{"rendered":"Responsabilidad Social Corporativa Conocemos el impacto socioecon\u00f3mico y medioambiental que generamos Responsabilidad Social Corporativa Conocemos el impacto socioecon\u00f3mico y medioambiental que generamos A CLEAN &amp; EASY la lavander\u00eda del barrio Estamos concienciados de la nuestra Responsabilidad Social Corporativa Compromesos amb la sostenibilitatClean &amp; Easy es una lavander\u00eda ecol\u00f3gica con productos que reducen el impacto de...","protected":false},"author":1,"featured_media":0,"parent":0,"menu_order":0,"comment_status":"closed","ping_status":"closed","template":"","meta":{"_uf_show_specific_survey":0,"_uf_disable_surveys":false,"footnotes":""},"class_list":["post-745","page","type-page","status-publish","hentry"],"aioseo_notices":[],"_links":{"self":[{"href":"https:\/\/cleaneasybugaderies.com\/es\/wp-json\/wp\/v2\/pages\/745","targetHints":{"allow":["GET"]}}],"collection":[{"href":"https:\/\/cleaneasybugaderies.com\/es\/wp-json\/wp\/v2\/pages"}],"about":[{"href":"https:\/\/cleaneasybugaderies.com\/es\/wp-json\/wp\/v2\/types\/page"}],"author":[{"embeddable":true,"href":"https:\/\/cleaneasybugaderies.com\/es\/wp-json\/wp\/v2\/users\/1"}],"replies":[{"embeddable":true,"href":"https:\/\/cleaneasybugaderies.com\/es\/wp-json\/wp\/v2\/comments?post=745"}],"version-history":[{"count":43,"href":"https:\/\/cleaneasybugaderies.com\/es\/wp-json\/wp\/v2\/pages\/745\/revisions"}],"predecessor-version":[{"id":3906,"href":"https:\/\/cleaneasybugaderies.com\/es\/wp-json\/wp\/v2\/pages\/745\/revisions\/3906"}],"wp:attachment":[{"href":"https:\/\/cleaneasybugaderies.com\/es\/wp-json\/wp\/v2\/media?parent=745"}],"curies":[{"name":"wp","href":"https:\/\/api.w.org\/{rel}","templated":true}]}}