{"id":733,"date":"2024-01-10T18:21:01","date_gmt":"2024-01-10T16:21:01","guid":{"rendered":"https:\/\/cleaneasybugaderies.com\/contacto\/"},"modified":"2026-03-02T00:13:07","modified_gmt":"2026-03-01T22:13:07","slug":"contacto","status":"publish","type":"page","link":"https:\/\/cleaneasybugaderies.com\/es\/contacto\/","title":{"rendered":"Contacto"},"content":{"rendered":"<section class=\"l-section wpb_row inrHd hdMd hide_on_tablets hide_on_mobiles height_small\" id=\"sldMd\"><div class=\"l-section-h i-cf\"><div class=\"g-cols vc_row via_grid cols_1 laptops-cols_inherit tablets-cols_inherit mobiles-cols_1 valign_top type_default stacking_default\"><div class=\"wpb_column vc_column_container hide_on_mobiles\"><div class=\"vc_column-inner\"><div class=\"w-vwrapper us_custom_2756c131 align_none valign_bottom\" style=\"--vwrapper-gap:0rem\"><div class=\"wpb_text_column us_custom_4a593b65 us_animate_this\"><div class=\"wpb_wrapper\"><h1>Contacto<\/h1>\n<\/div><\/div><div class=\"wpb_text_column us_custom_a518f36e us_animate_this\"><div class=\"wpb_wrapper\"><h2>\u00bfEn qu\u00e9 podemos ayudarte?<\/h2>\n<\/div><\/div><\/div><\/div><\/div><\/div><\/div><\/section><section class=\"l-section wpb_row inrHd hdMd hide_on_default hide_on_laptops height_small\" id=\"sldMd\"><div class=\"l-section-h i-cf\"><div class=\"g-cols vc_row via_grid cols_1 laptops-cols_inherit tablets-cols_inherit mobiles-cols_1 valign_top type_default stacking_default\"><div class=\"wpb_column vc_column_container hide_on_default\"><div class=\"vc_column-inner\"><div class=\"w-vwrapper us_custom_c7073201 align_center valign_middle\" style=\"--vwrapper-gap:0rem\"><div class=\"wpb_text_column us_custom_4a593b65 us_animate_this\"><div class=\"wpb_wrapper\"><h1 style=\"text-align: center;\">Contacto<\/h1>\n<\/div><\/div><div class=\"wpb_text_column us_custom_a518f36e us_animate_this\"><div class=\"wpb_wrapper\"><h2 style=\"text-align: center;\">\u00bfEn qu\u00e9 podemos ayudarte?<\/h2>\n<\/div><\/div><\/div><\/div><\/div><\/div><\/div><\/section><section class=\"l-section wpb_row us_custom_8f2ba1f4 us_animate_this height_large\" id=\"cntMd\"><div class=\"l-section-h i-cf\"><div class=\"g-cols vc_row via_grid cols_1 laptops-cols_inherit tablets-cols_inherit mobiles-cols_1 valign_top type_default stacking_default\"><div class=\"wpb_column vc_column_container\"><div class=\"vc_column-inner\"><div class=\"wpb_text_column\"><div class=\"wpb_wrapper\"><h3 style=\"text-align: center;\">Haz planes en Barcelona mientras nosotros cuidamos de tu ropa.<\/h3>\n<\/div><\/div><div class=\"wpb_text_column\"><div class=\"wpb_wrapper\"><p>Nuestro objetivo principal es aliviarte de la tarea de la lavander\u00eda para que puedas disfrutar de las cosas que te gustan en Barcelona. Desde salir con tus amigos, poner en marcha proyectos pendientes o visitar lugares emblem\u00e1ticos como la Casa Batll\u00f3, La Pedrera o la Sagrada Familia, nosotros nos encargamos de cuidar tu ropa con resultados profesionales.<\/p>\n<p>En Clean&amp;Easy, ofrecemos un servicio r\u00e1pido y eficiente. Entregamos tus prendas en 48 horas o en tan solo 6 horas mediante el servicio urgente. Nuestro equipo de transportistas se encargar\u00e1 de recogerlo con nuestras bolsas a domicilio o, si est\u00e1s de viaje, podemos recoger tu maleta y devolv\u00e9rtela limpia y preparada para tu regreso.<\/p>\n<p style=\"text-align: center;\">Completa nuestro formulario para solicitar un presupuesto personalizado, hacer una orden o resolver cualquier duda. Clean&amp;Easy ofrece servicios en varias localidades de Barcelona y alrededores, como Hospitalet del Llobregat, El Prat del Llobregat, Gav\u00e0, Viladecans, Esplugues de Llobregat, Sant Just Desvern, Sant Boi de Llobregat, Molins de Rei, Sant Vicen\u00e7 dels Horts y otros municipios cercanos.<\/p>\n<h3 style=\"text-align: center;\">Es f\u00e1cil hablar con nosotros<\/h3>\n<\/div><\/div><div class=\"wpb_text_column\"><div class=\"wpb_wrapper\"><p style=\"text-align: center;\">Contacta y expl\u00edcanos qu\u00e9 necesitas en este formulario<\/p>\n<\/div><\/div>\n<div class=\"wpcf7 no-js\" id=\"wpcf7-f792-o1\" lang=\"es-ES\" dir=\"ltr\" data-wpcf7-id=\"792\">\n<div class=\"screen-reader-response\"><p role=\"status\" aria-live=\"polite\" aria-atomic=\"true\"><\/p> <ul><\/ul><\/div>\n<form action=\"\/es\/wp-json\/wp\/v2\/pages\/733#wpcf7-f792-o1\" method=\"post\" class=\"wpcf7-form init\" aria-label=\"Formulario de contacto\" novalidate=\"novalidate\" data-status=\"init\">\n<fieldset class=\"hidden-fields-container\"><input type=\"hidden\" name=\"_wpcf7\" value=\"792\" \/><input type=\"hidden\" name=\"_wpcf7_version\" value=\"6.1.5\" \/><input type=\"hidden\" name=\"_wpcf7_locale\" value=\"es_ES\" \/><input type=\"hidden\" name=\"_wpcf7_unit_tag\" value=\"wpcf7-f792-o1\" \/><input type=\"hidden\" name=\"_wpcf7_container_post\" value=\"0\" \/><input type=\"hidden\" name=\"_wpcf7_posted_data_hash\" value=\"\" \/><input type=\"hidden\" name=\"_wpcf7_recaptcha_response\" value=\"\" \/>\n<\/fieldset>\n<div class=\"inpSct\">\n\t<p><span class=\"wpcf7-form-control-wrap\" data-name=\"your-name\"><input size=\"40\" maxlength=\"400\" class=\"wpcf7-form-control wpcf7-text wpcf7-validates-as-required\" aria-required=\"true\" aria-invalid=\"false\" placeholder=\"Nombre y Apellidos\" value=\"\" type=\"text\" name=\"your-name\" \/><\/span>\n\t<\/p>\n<\/div>\n<div class=\"inpSct\">\n\t<p><span class=\"wpcf7-form-control-wrap\" data-name=\"your-email\"><input size=\"40\" maxlength=\"400\" class=\"wpcf7-form-control wpcf7-email wpcf7-validates-as-required wpcf7-text wpcf7-validates-as-email\" aria-required=\"true\" aria-invalid=\"false\" placeholder=\"Direcci\u00f3n de email\" value=\"\" type=\"email\" name=\"your-email\" \/><\/span>\n\t<\/p>\n<\/div>\n<div class=\"inpSct\">\n\t<p><span class=\"wpcf7-form-control-wrap\" data-name=\"your-phone\"><input size=\"40\" maxlength=\"400\" class=\"wpcf7-form-control wpcf7-tel wpcf7-validates-as-required wpcf7-text wpcf7-validates-as-tel\" aria-required=\"true\" aria-invalid=\"false\" placeholder=\"Tel\u00e9fono\" value=\"\" type=\"tel\" name=\"your-phone\" \/><\/span>\n\t<\/p>\n<\/div>\n<div class=\"oneSct\">\n\t<p><span class=\"wpcf7-form-control-wrap\" data-name=\"your-msj\"><textarea cols=\"40\" rows=\"10\" maxlength=\"2000\" class=\"wpcf7-form-control wpcf7-textarea wpcf7-validates-as-required\" aria-required=\"true\" aria-invalid=\"false\" placeholder=\"\u00bfEn qu\u00e9 podemos ayudarte?\" name=\"your-msj\"><\/textarea><\/span>\n\t<\/p>\n<\/div>\n<div class=\"legal\">\n\t<p><span class=\"wpcf7-form-control-wrap\" data-name=\"acceptance-645\"><span class=\"wpcf7-form-control wpcf7-acceptance\"><span class=\"wpcf7-list-item\"><label><input type=\"checkbox\" name=\"acceptance-645\" value=\"1\" aria-invalid=\"false\" \/><span class=\"wpcf7-list-item-label\">Acepto las condiciones legales y recibir contenido comercial<\/span><\/label><\/span><\/span><\/span>\n\t<\/p>\n<\/div>\n<div class=\"send\">\n\t<p><input class=\"wpcf7-form-control wpcf7-submit has-spinner\" type=\"submit\" value=\"Enviar mensaje\" \/>\n\t<\/p>\n<\/div>\n<p style=\"margin:0; padding:0; line-height: 0; Height:0;\"><span id=\"wpcf7-69d4b168c88b0-wrapper\" class=\"wpcf7-form-control-wrap honeypot-781-wrap\" style=\"display:none !important; visibility:hidden !important;\"><label for=\"hddn-form\" class=\"hp-message\">Por favor, deja este campo vac\u00edo.<\/label><input id=\"hddn-form\"  class=\"wpcf7-form-control wpcf7-text\" type=\"text\" name=\"honeypot-781\" value=\"\" size=\"40\" tabindex=\"-1\" autocomplete=\"new-password\" \/><\/span>\n<\/p><div class=\"wpcf7-response-output\" aria-hidden=\"true\"><\/div>\n<\/form>\n<\/div>\n<\/div><\/div><\/div><\/div><\/section><section class=\"l-section wpb_row height_auto color_alternate\" id=\"mapMd\"><div class=\"l-section-h i-cf\"><div class=\"g-cols vc_row via_grid cols_2 laptops-cols_inherit tablets-cols_inherit mobiles-cols_1 valign_top type_default stacking_default\" style=\"--gap:0rem;\"><div class=\"wpb_column vc_column_container us_custom_7e20fa79 mapCl us_animate_this stretched\"><div class=\"vc_column-inner\"><div class=\"w-map provider_google\" id=\"us_map_1\"><div class=\"w-map-inner\"><div class=\"w-map-json\" onclick='return {&quot;address&quot;:&quot;Rambla de Badal, 56 Sants-Montju\\u00efc, 08014 Barcelona&quot;,&quot;disableDragging&quot;:0,&quot;disableZoom&quot;:0,&quot;hideControls&quot;:0,&quot;zoom&quot;:14,&quot;markers&quot;:[{&quot;address&quot;:&quot;Rambla de Badal, 56 Sants-Montju\\u00efc, 08014 Barcelona&quot;,&quot;html&quot;:&quot;&lt;h6&gt;Clean&amp;Easy&lt;\\\/h6&gt;&lt;br&gt;&lt;p&gt;Rambla de Badal, 56&lt;\\\/br&gt;\\r\\nSants-Montju\\u00efc, 08014 Barcelona\\r\\n&lt;\\\/p&gt;&quot;,&quot;infowindow&quot;:0}],&quot;icon&quot;:{&quot;url&quot;:&quot;https:\\\/\\\/cleaneasybugaderies.com\\\/wp-content\\\/uploads\\\/2026\\\/02\\\/icono1-88.png&quot;,&quot;size&quot;:[50,50]},&quot;maptype&quot;:&quot;ROADMAP&quot;}'><\/div><\/div><\/div><\/div><\/div><div class=\"wpb_column vc_column_container us_custom_47474b22 infCl us_animate_this\"><div class=\"vc_column-inner\"><div class=\"wpb_text_column\"><div class=\"wpb_wrapper\"><h3>\u00bfQuieres saber m\u00e1s de la lavander\u00eda?<\/h3>\n<\/div><\/div><div class=\"wpb_text_column\"><div class=\"wpb_wrapper\"><p><strong>Horario<\/strong><br \/>Autoservicio: Todos los d\u00edas del a\u00f1o de 8h a 22h<br \/>A domicilio: de lunes a viernes de 9h a 21h<\/p>\n<p><strong>Ubicaci\u00f3n <\/strong><br \/>Rambla Badal, 56<br \/>08014 La bordeta \u2013 Sants \u2013 Barcelona<\/p>\n<p><strong>Contacto <\/strong><br \/>640 11 37 24<br \/><a href=\"mailto:clean.easy.bugaderies@gmail.com\">clean.easy.bugaderies@gmail.com<\/a><\/p>\n<\/div><\/div><\/div><\/div><\/div><\/div><\/section><section class=\"l-section wpb_row txtMd height_medium\"><div class=\"l-section-h i-cf\"><div class=\"g-cols vc_row via_grid cols_1 laptops-cols_inherit tablets-cols_inherit mobiles-cols_1 valign_top type_default stacking_default\"><div class=\"wpb_column vc_column_container\"><div class=\"vc_column-inner\"><div class=\"w-btn-wrapper align_center\"><a class=\"w-btn us-btn-style_1\" href=\"https:\/\/cleaneasybugaderies.com\/es\/precios\/\"><span class=\"w-btn-label\">\u00bfQuieres conocer nuestros precios?<\/span><\/a><\/div><\/div><\/div><\/div><\/div><\/section><section class=\"l-section wpb_row height_small\" id=\"bnrMd\"><div class=\"l-section-h i-cf\"><div class=\"g-cols vc_row via_grid cols_3 laptops-cols_inherit tablets-cols_inherit mobiles-cols_1 valign_top type_default stacking_default\" style=\"--gap:8px;\"><div class=\"wpb_column vc_column_container us_custom_60e9caca us_animate_this\"><div class=\"vc_column-inner\"><div class=\"w-ibanner animation_caeros ratio_2x1 easing_ease\"><div class=\"w-ibanner-h\"><div class=\"w-ibanner-image\" style=\"background-image: url(https:\/\/cleaneasybugaderies.com\/wp-content\/uploads\/2024\/01\/Consells-img.jpg)\"><\/div><div class=\"w-ibanner-content\"><div class=\"w-ibanner-content-h\"><h5 class=\"w-ibanner-title\">Consejos<\/h5><div class=\"w-ibanner-desc\"><\/div><\/div><\/div><\/div><a href=\"consejos\" aria-label=\"Consejos\"><\/a><\/div><\/div><\/div><div class=\"wpb_column vc_column_container us_custom_de366d1c us_animate_this\"><div class=\"vc_column-inner\"><div class=\"w-ibanner animation_caeros ratio_2x1 easing_ease\"><div class=\"w-ibanner-h\"><div class=\"w-ibanner-image\" style=\"background-image: url(https:\/\/cleaneasybugaderies.com\/wp-content\/uploads\/2024\/01\/Responsabilitat-Social-Corporativa-img.jpg)\"><\/div><div class=\"w-ibanner-content\"><div class=\"w-ibanner-content-h\"><h5 class=\"w-ibanner-title\">Responsabilidad Social Corporativa<\/h5><div class=\"w-ibanner-desc\"><\/div><\/div><\/div><\/div><a href=\"https:\/\/cleaneasybugaderies.com\/es\/responsabilidad-social-corporativa\/\" aria-label=\"Responsabilidad Social Corporativa\"><\/a><\/div><\/div><\/div><div class=\"wpb_column vc_column_container us_custom_8c71efed us_animate_this\"><div class=\"vc_column-inner\"><div class=\"w-ibanner animation_caeros ratio_2x1 easing_ease\"><div class=\"w-ibanner-h\"><div class=\"w-ibanner-image\" style=\"background-image: url(https:\/\/cleaneasybugaderies.com\/wp-content\/uploads\/2026\/02\/correo-electronico-ancho-1024x424.png)\"><\/div><div class=\"w-ibanner-content\"><div class=\"w-ibanner-content-h\"><h5 class=\"w-ibanner-title\">Preguntas frecuentes<\/h5><div class=\"w-ibanner-desc\"><\/div><\/div><\/div><\/div><a href=\"preg\" aria-label=\"Preguntas frecuentes\"><\/a><\/div><\/div><\/div><\/div><\/div><\/section>\n","protected":false},"excerpt":{"rendered":"Contacto \u00bfEn qu\u00e9 podemos ayudarte? Contacto \u00bfEn qu\u00e9 podemos ayudarte? Haz planes en Barcelona mientras nosotros cuidamos de tu ropa. Nuestro objetivo principal es aliviarte de la tarea de la lavander\u00eda para que puedas disfrutar de las cosas que te gustan en Barcelona. Desde salir con tus amigos, poner en marcha proyectos pendientes o visitar...","protected":false},"author":1,"featured_media":0,"parent":0,"menu_order":0,"comment_status":"closed","ping_status":"closed","template":"","meta":{"_uf_show_specific_survey":0,"_uf_disable_surveys":false,"footnotes":""},"class_list":["post-733","page","type-page","status-publish","hentry"],"aioseo_notices":[],"_links":{"self":[{"href":"https:\/\/cleaneasybugaderies.com\/es\/wp-json\/wp\/v2\/pages\/733","targetHints":{"allow":["GET"]}}],"collection":[{"href":"https:\/\/cleaneasybugaderies.com\/es\/wp-json\/wp\/v2\/pages"}],"about":[{"href":"https:\/\/cleaneasybugaderies.com\/es\/wp-json\/wp\/v2\/types\/page"}],"author":[{"embeddable":true,"href":"https:\/\/cleaneasybugaderies.com\/es\/wp-json\/wp\/v2\/users\/1"}],"replies":[{"embeddable":true,"href":"https:\/\/cleaneasybugaderies.com\/es\/wp-json\/wp\/v2\/comments?post=733"}],"version-history":[{"count":54,"href":"https:\/\/cleaneasybugaderies.com\/es\/wp-json\/wp\/v2\/pages\/733\/revisions"}],"predecessor-version":[{"id":3965,"href":"https:\/\/cleaneasybugaderies.com\/es\/wp-json\/wp\/v2\/pages\/733\/revisions\/3965"}],"wp:attachment":[{"href":"https:\/\/cleaneasybugaderies.com\/es\/wp-json\/wp\/v2\/media?parent=733"}],"curies":[{"name":"wp","href":"https:\/\/api.w.org\/{rel}","templated":true}]}}