{"id":730,"date":"2024-01-18T17:57:55","date_gmt":"2024-01-18T15:57:55","guid":{"rendered":"https:\/\/cleaneasybugaderies.com\/consejos\/"},"modified":"2026-02-28T13:37:51","modified_gmt":"2026-02-28T11:37:51","slug":"consejos","status":"publish","type":"page","link":"https:\/\/cleaneasybugaderies.com\/es\/consejos\/","title":{"rendered":"Consejos"},"content":{"rendered":"<section class=\"l-section wpb_row inrHd hdMd hide_on_tablets hide_on_mobiles height_small\" id=\"sldMd\"><div class=\"l-section-h i-cf\"><div class=\"g-cols vc_row via_grid cols_1 laptops-cols_inherit tablets-cols_inherit mobiles-cols_1 valign_top type_default stacking_default\"><div class=\"wpb_column vc_column_container hide_on_mobiles\"><div class=\"vc_column-inner\"><div class=\"w-vwrapper us_custom_2756c131 align_none valign_bottom\" style=\"--vwrapper-gap:0rem\"><div class=\"wpb_text_column us_custom_4a593b65 us_animate_this\"><div class=\"wpb_wrapper\"><h1>Consejos<\/h1>\n<\/div><\/div><div class=\"wpb_text_column us_custom_a518f36e us_animate_this\"><div class=\"wpb_wrapper\"><h2>Para la limpieza de tu ropa<\/h2>\n<\/div><\/div><\/div><\/div><\/div><\/div><\/div><\/section><section class=\"l-section wpb_row inrHd hdMd hide_on_default hide_on_laptops height_small\" id=\"sldMd\"><div class=\"l-section-h i-cf\"><div class=\"g-cols vc_row via_grid cols_1 laptops-cols_inherit tablets-cols_inherit mobiles-cols_1 valign_top type_default stacking_default\"><div class=\"wpb_column vc_column_container hide_on_default\"><div class=\"vc_column-inner\"><div class=\"w-vwrapper us_custom_c7073201 align_center valign_middle\" style=\"--vwrapper-gap:0rem\"><div class=\"wpb_text_column us_custom_4a593b65 us_animate_this\"><div class=\"wpb_wrapper\"><h1 style=\"text-align: center;\">Consejos<\/h1>\n<\/div><\/div><div class=\"wpb_text_column us_custom_a518f36e us_animate_this\"><div class=\"wpb_wrapper\"><h2 style=\"text-align: center;\">Para la limpieza de tu ropa<\/h2>\n<\/div><\/div><\/div><\/div><\/div><\/div><\/div><\/section><section class=\"l-section wpb_row height_medium\" id=\"blgMd\"><div class=\"l-section-h i-cf\"><div class=\"g-cols vc_row via_grid cols_1 laptops-cols_inherit tablets-cols_inherit mobiles-cols_1 valign_top type_default stacking_default\"><div class=\"wpb_column vc_column_container\"><div class=\"vc_column-inner\"><div class=\"wpb_text_column\"><div class=\"wpb_wrapper\"><p style=\"text-align: center;\">Nuestra experiencia en el lavado de muchos kilos de ropa anuales nos ha permitido aprender varias t\u00e9cnicas, como por ejemplo, que 18 kilos de s\u00e1banas no ocupan lo mismo que 18 kilos de edredones, cu\u00e1ndo no utilizar suavizante para proteger los tejidos delicados o deportivos, o con qu\u00e9 frecuencia lavar la ropa, encontrando el equilibrio entre el desgaste de las prendas, los problemas de salud y el gasto econ\u00f3mico. Esta experiencia es la que queremos compartir con vosotros.<\/p>\n<h3 style=\"text-align: center;\">Esperamos que os sea de provecho.<\/h3>\n<\/div><\/div><div class=\"w-grid type_grid layout_109 cols_3 with_css_animation\" id=\"us_grid_1\" style=\"--gap:0.5rem;\" data-filterable=\"true\"><style>@media (max-width:900px){#us_grid_1 .w-grid-item{width:50%}}@media (max-width:600px){#us_grid_1 .w-grid-list{margin:0}#us_grid_1 .w-grid-item{width:100%;padding:0;margin-bottom:var(--gap,0px)}}.layout_109 .w-grid-item-h{}.layout_109 .usg_post_image_1{margin-bottom:30px!important}.layout_109 .usg_post_title_1{margin-bottom:10px!important}.layout_109 .usg_post_content_1{margin-bottom:20px!important}@media (min-width:901px) and (max-width:1380px){.layout_109 .usg_post_image_1{margin-bottom:30px!important}.layout_109 .usg_post_title_1{margin-bottom:10px!important}.layout_109 .usg_post_content_1{margin-bottom:20px!important}}@media (min-width:601px) and (max-width:900px){.layout_109 .usg_post_image_1{margin-bottom:30px!important}.layout_109 .usg_post_title_1{margin-bottom:10px!important}.layout_109 .usg_post_content_1{margin-bottom:20px!important}}@media (max-width:600px){.layout_109 .usg_post_image_1{margin-bottom:30px!important}.layout_109 .usg_post_title_1{margin-bottom:10px!important}.layout_109 .usg_post_content_1{margin-bottom:20px!important}}<\/style><div class=\"w-grid-list\">\t<article class=\"w-grid-item us_animate_fade size_1x1 post-1504 post type-post status-publish format-standard has-post-thumbnail hentry category-sin-categorizar\" data-id=\"1504\" style=\"animation-delay:0s\">\r\n\t\t<div class=\"w-grid-item-h\">\r\n\t\t\t\t\t\t<div class=\"w-post-elm post_image usg_post_image_1 as_circle stretched\"><a href=\"https:\/\/cleaneasybugaderies.com\/es\/como-eliminar-las-manchas-de-aceite\/\" aria-label=\"\u00bfC\u00f3mo eliminar las manchas de aceite?\"><img loading=\"lazy\" decoding=\"async\" width=\"524\" height=\"738\" src=\"https:\/\/cleaneasybugaderies.com\/wp-content\/uploads\/2025\/01\/CONSELLS-aceite.png\" class=\"attachment-full size-full wp-post-image\" alt=\"taques d&#039;oli\" srcset=\"https:\/\/cleaneasybugaderies.com\/wp-content\/uploads\/2025\/01\/CONSELLS-aceite.png 524w, https:\/\/cleaneasybugaderies.com\/wp-content\/uploads\/2025\/01\/CONSELLS-aceite-213x300.png 213w\" sizes=\"auto, (max-width: 524px) 100vw, 524px\" \/><\/a><\/div><h3 class=\"w-post-elm post_title usg_post_title_1 align_center entry-title color_link_inherit\"><a href=\"https:\/\/cleaneasybugaderies.com\/es\/como-eliminar-las-manchas-de-aceite\/\">\u00bfC\u00f3mo eliminar las manchas de aceite?<\/a><\/h3><div class=\"w-post-elm post_content usg_post_content_1\"><p>Para mantener la suavidad y la esponjosidad de las toallas te explicamos un par de recursos.<\/p>\n<\/div><a class=\"w-btn us-btn-style_2 usg_btn_1\" href=\"https:\/\/cleaneasybugaderies.com\/es\/como-eliminar-las-manchas-de-aceite\/\"><span class=\"w-btn-label\">Continuar leyendo<\/span><\/a>\t\t<\/div>\r\n\t<\/article>\r\n\t<article class=\"w-grid-item us_animate_fade size_1x1 post-951 post type-post status-publish format-standard has-post-thumbnail hentry category-sin-categorizar\" data-id=\"951\" style=\"animation-delay:0.1s\">\r\n\t\t<div class=\"w-grid-item-h\">\r\n\t\t\t\t\t\t<div class=\"w-post-elm post_image usg_post_image_1 as_circle stretched\"><a href=\"https:\/\/cleaneasybugaderies.com\/es\/que-piezas-es-mejor-lavar-sin-suavizante-y-porque\/\" aria-label=\"\u00bfQu\u00e9 prendas es mejor lavar sin suavizante y por qu\u00e9?\"><img loading=\"lazy\" decoding=\"async\" width=\"1400\" height=\"937\" src=\"https:\/\/cleaneasybugaderies.com\/wp-content\/uploads\/2024\/05\/Suavizantes.webp\" class=\"attachment-full size-full wp-post-image\" alt=\"Suavitzant\" srcset=\"https:\/\/cleaneasybugaderies.com\/wp-content\/uploads\/2024\/05\/Suavizantes.webp 1400w, https:\/\/cleaneasybugaderies.com\/wp-content\/uploads\/2024\/05\/Suavizantes-300x201.webp 300w, https:\/\/cleaneasybugaderies.com\/wp-content\/uploads\/2024\/05\/Suavizantes-1024x685.webp 1024w\" sizes=\"auto, (max-width: 1400px) 100vw, 1400px\" \/><\/a><\/div><h3 class=\"w-post-elm post_title usg_post_title_1 align_center entry-title color_link_inherit\"><a href=\"https:\/\/cleaneasybugaderies.com\/es\/que-piezas-es-mejor-lavar-sin-suavizante-y-porque\/\">\u00bfQu\u00e9 prendas es mejor lavar sin suavizante y por qu\u00e9?<\/a><\/h3><div class=\"w-post-elm post_content usg_post_content_1\"><p>Varias veces me han preguntado si un edred\u00f3n doble entra a la lavadora de 14 kg.<\/p>\n<\/div><a class=\"w-btn us-btn-style_2 usg_btn_1\" href=\"https:\/\/cleaneasybugaderies.com\/es\/que-piezas-es-mejor-lavar-sin-suavizante-y-porque\/\"><span class=\"w-btn-label\">Continuar leyendo<\/span><\/a>\t\t<\/div>\r\n\t<\/article>\r\n\t<article class=\"w-grid-item us_animate_fade size_1x1 post-760 post type-post status-publish format-standard has-post-thumbnail hentry category-sin-categorizar\" data-id=\"760\" style=\"animation-delay:0.2s\">\r\n\t\t<div class=\"w-grid-item-h\">\r\n\t\t\t\t\t\t<div class=\"w-post-elm post_image usg_post_image_1 as_circle stretched\"><a href=\"https:\/\/cleaneasybugaderies.com\/es\/capacidad-de-las-lavadoras-2\/\" aria-label=\"\u00bfC\u00f3mo saber si tu edred\u00f3n cabe en la lavadora?\"><img loading=\"lazy\" decoding=\"async\" width=\"2560\" height=\"1920\" src=\"https:\/\/cleaneasybugaderies.com\/wp-content\/uploads\/2024\/02\/CONSELLS-hero-Slider-2-responsive-scaled.jpg\" class=\"attachment-full size-full wp-post-image\" alt=\"capacidad lavadoras\" srcset=\"https:\/\/cleaneasybugaderies.com\/wp-content\/uploads\/2024\/02\/CONSELLS-hero-Slider-2-responsive-scaled.jpg 2560w, https:\/\/cleaneasybugaderies.com\/wp-content\/uploads\/2024\/02\/CONSELLS-hero-Slider-2-responsive-300x225.jpg 300w, https:\/\/cleaneasybugaderies.com\/wp-content\/uploads\/2024\/02\/CONSELLS-hero-Slider-2-responsive-1024x768.jpg 1024w\" sizes=\"auto, (max-width: 2560px) 100vw, 2560px\" \/><\/a><\/div><h3 class=\"w-post-elm post_title usg_post_title_1 align_center entry-title color_link_inherit\"><a href=\"https:\/\/cleaneasybugaderies.com\/es\/capacidad-de-las-lavadoras-2\/\">\u00bfC\u00f3mo saber si tu edred\u00f3n cabe en la lavadora?<\/a><\/h3><div class=\"w-post-elm post_content usg_post_content_1\"><p>Varias veces me han preguntado si un edred\u00f3n doble entra a la lavadora de 14 kg.<\/p>\n<\/div><a class=\"w-btn us-btn-style_2 usg_btn_1\" href=\"https:\/\/cleaneasybugaderies.com\/es\/capacidad-de-las-lavadoras-2\/\"><span class=\"w-btn-label\">Continuar leyendo<\/span><\/a>\t\t<\/div>\r\n\t<\/article>\r\n\t<article class=\"w-grid-item us_animate_fade size_1x1 post-759 post type-post status-publish format-standard has-post-thumbnail hentry category-sin-categorizar\" data-id=\"759\" style=\"animation-delay:0.3s\">\r\n\t\t<div class=\"w-grid-item-h\">\r\n\t\t\t\t\t\t<div class=\"w-post-elm post_image usg_post_image_1 as_circle stretched\"><a href=\"https:\/\/cleaneasybugaderies.com\/es\/como-secar-edredones\/\" aria-label=\"\u00bfC\u00f3mo secar edredones y otras prendas voluminosas?\"><img loading=\"lazy\" decoding=\"async\" width=\"769\" height=\"620\" src=\"https:\/\/cleaneasybugaderies.com\/wp-content\/uploads\/2024\/01\/Com-assecar-edredons-thumb.jpg\" class=\"attachment-full size-full wp-post-image\" alt=\"pelotas de tennis en la secadora\" srcset=\"https:\/\/cleaneasybugaderies.com\/wp-content\/uploads\/2024\/01\/Com-assecar-edredons-thumb.jpg 769w, https:\/\/cleaneasybugaderies.com\/wp-content\/uploads\/2024\/01\/Com-assecar-edredons-thumb-300x242.jpg 300w\" sizes=\"auto, (max-width: 769px) 100vw, 769px\" \/><\/a><\/div><h3 class=\"w-post-elm post_title usg_post_title_1 align_center entry-title color_link_inherit\"><a href=\"https:\/\/cleaneasybugaderies.com\/es\/como-secar-edredones\/\">\u00bfC\u00f3mo secar edredones y otras prendas voluminosas?<\/a><\/h3><div class=\"w-post-elm post_content usg_post_content_1\"><p>Cuando lavamos, sobre todo si es de plumas, todas las fibras se quedan enganchadas<\/p>\n<\/div><a class=\"w-btn us-btn-style_2 usg_btn_1\" href=\"https:\/\/cleaneasybugaderies.com\/es\/como-secar-edredones\/\"><span class=\"w-btn-label\">Continuar leyendo<\/span><\/a>\t\t<\/div>\r\n\t<\/article>\r\n\t<article class=\"w-grid-item us_animate_fade size_1x1 post-758 post type-post status-publish format-standard has-post-thumbnail hentry category-sin-categorizar\" data-id=\"758\" style=\"animation-delay:0.4s\">\r\n\t\t<div class=\"w-grid-item-h\">\r\n\t\t\t\t\t\t<div class=\"w-post-elm post_image usg_post_image_1 as_circle stretched\"><a href=\"https:\/\/cleaneasybugaderies.com\/es\/como-eliminar-el-olor-de-la-ropa-deportiva\/\" aria-label=\"\u00bfC\u00f3mo eliminar el olor de la ropa deportiva eficazmente?\"><img loading=\"lazy\" decoding=\"async\" width=\"769\" height=\"620\" src=\"https:\/\/cleaneasybugaderies.com\/wp-content\/uploads\/2024\/01\/com-eliminar-olor-de-la-roba-esportiva-thumb.jpg\" class=\"attachment-full size-full wp-post-image\" alt=\"roba esportiva i suavitzant\" srcset=\"https:\/\/cleaneasybugaderies.com\/wp-content\/uploads\/2024\/01\/com-eliminar-olor-de-la-roba-esportiva-thumb.jpg 769w, https:\/\/cleaneasybugaderies.com\/wp-content\/uploads\/2024\/01\/com-eliminar-olor-de-la-roba-esportiva-thumb-300x242.jpg 300w\" sizes=\"auto, (max-width: 769px) 100vw, 769px\" \/><\/a><\/div><h3 class=\"w-post-elm post_title usg_post_title_1 align_center entry-title color_link_inherit\"><a href=\"https:\/\/cleaneasybugaderies.com\/es\/como-eliminar-el-olor-de-la-ropa-deportiva\/\">\u00bfC\u00f3mo eliminar el olor de la ropa deportiva eficazmente?<\/a><\/h3><div class=\"w-post-elm post_content usg_post_content_1\"><p>La ropa sint\u00e9tica almacena unas bacterias que dan origen al mal olor.<\/p>\n<\/div><a class=\"w-btn us-btn-style_2 usg_btn_1\" href=\"https:\/\/cleaneasybugaderies.com\/es\/como-eliminar-el-olor-de-la-ropa-deportiva\/\"><span class=\"w-btn-label\">Continuar leyendo<\/span><\/a>\t\t<\/div>\r\n\t<\/article>\r\n\t<article class=\"w-grid-item us_animate_fade size_1x1 post-757 post type-post status-publish format-standard has-post-thumbnail hentry category-sin-categorizar\" data-id=\"757\" style=\"animation-delay:0.5s\">\r\n\t\t<div class=\"w-grid-item-h\">\r\n\t\t\t\t\t\t<div class=\"w-post-elm post_image usg_post_image_1 as_circle stretched\"><a href=\"https:\/\/cleaneasybugaderies.com\/es\/cada-cuanto-lavar-la-ropa\/\" aria-label=\"Gu\u00eda pr\u00e1ctica: \u00bfCon qu\u00e9 frecuencia debes lavar tu ropa?\"><img loading=\"lazy\" decoding=\"async\" width=\"769\" height=\"1479\" src=\"https:\/\/cleaneasybugaderies.com\/wp-content\/uploads\/2024\/01\/Cada-quant-rentar-la-roba-thumb.jpg\" class=\"attachment-full size-full wp-post-image\" alt=\"Cada cuanto limpiar la ropa\" srcset=\"https:\/\/cleaneasybugaderies.com\/wp-content\/uploads\/2024\/01\/Cada-quant-rentar-la-roba-thumb.jpg 769w, https:\/\/cleaneasybugaderies.com\/wp-content\/uploads\/2024\/01\/Cada-quant-rentar-la-roba-thumb-156x300.jpg 156w, https:\/\/cleaneasybugaderies.com\/wp-content\/uploads\/2024\/01\/Cada-quant-rentar-la-roba-thumb-532x1024.jpg 532w\" sizes=\"auto, (max-width: 769px) 100vw, 769px\" \/><\/a><\/div><h3 class=\"w-post-elm post_title usg_post_title_1 align_center entry-title color_link_inherit\"><a href=\"https:\/\/cleaneasybugaderies.com\/es\/cada-cuanto-lavar-la-ropa\/\">Gu\u00eda pr\u00e1ctica: \u00bfCon qu\u00e9 frecuencia debes lavar tu ropa?<\/a><\/h3><div class=\"w-post-elm post_content usg_post_content_1\"><p>Lavar demasiado la ropa puede hacer que se eche a perder y lavarla con poca frecuencia es poco higi\u00e9nico.<\/p>\n<\/div><a class=\"w-btn us-btn-style_2 usg_btn_1\" href=\"https:\/\/cleaneasybugaderies.com\/es\/cada-cuanto-lavar-la-ropa\/\"><span class=\"w-btn-label\">Continuar leyendo<\/span><\/a>\t\t<\/div>\r\n\t<\/article>\r\n\t<article class=\"w-grid-item us_animate_fade size_1x1 post-756 post type-post status-publish format-standard has-post-thumbnail hentry category-sin-categorizar\" data-id=\"756\" style=\"animation-delay:0s\">\r\n\t\t<div class=\"w-grid-item-h\">\r\n\t\t\t\t\t\t<div class=\"w-post-elm post_image usg_post_image_1 as_circle stretched\"><a href=\"https:\/\/cleaneasybugaderies.com\/es\/como-lavar-toallas\/\" aria-label=\"\u00bfC\u00f3mo lavar toallas para mantener su suavidad y esponjosidad?\"><img loading=\"lazy\" decoding=\"async\" width=\"769\" height=\"620\" src=\"https:\/\/cleaneasybugaderies.com\/wp-content\/uploads\/2024\/01\/Com-rentar-tovalloles-thumb.jpg\" class=\"attachment-full size-full wp-post-image\" alt=\"Com rentar tovalloles\" srcset=\"https:\/\/cleaneasybugaderies.com\/wp-content\/uploads\/2024\/01\/Com-rentar-tovalloles-thumb.jpg 769w, https:\/\/cleaneasybugaderies.com\/wp-content\/uploads\/2024\/01\/Com-rentar-tovalloles-thumb-300x242.jpg 300w\" sizes=\"auto, (max-width: 769px) 100vw, 769px\" \/><\/a><\/div><h3 class=\"w-post-elm post_title usg_post_title_1 align_center entry-title color_link_inherit\"><a href=\"https:\/\/cleaneasybugaderies.com\/es\/como-lavar-toallas\/\">\u00bfC\u00f3mo lavar toallas para mantener su suavidad y esponjosidad?<\/a><\/h3><div class=\"w-post-elm post_content usg_post_content_1\"><p>Para mantener la suavidad y la esponjosidad de las toallas te explicamos un par de recursos.<\/p>\n<\/div><a class=\"w-btn us-btn-style_2 usg_btn_1\" href=\"https:\/\/cleaneasybugaderies.com\/es\/como-lavar-toallas\/\"><span class=\"w-btn-label\">Continuar leyendo<\/span><\/a>\t\t<\/div>\r\n\t<\/article>\r\n<\/div><div class=\"w-grid-preloader\">\t<div class=\"g-preloader type_1\">\r\n\t\t<div><\/div>\r\n\t<\/div>\r\n\t<\/div>\t<div class=\"w-grid-json hidden\" onclick='return {&quot;action&quot;:&quot;us_ajax_grid&quot;,&quot;ajax_url&quot;:&quot;https:\\\/\\\/cleaneasybugaderies.com\\\/wp-admin\\\/admin-ajax.php&quot;,&quot;infinite_scroll&quot;:0,&quot;max_num_pages&quot;:1,&quot;pagination&quot;:&quot;none&quot;,&quot;template_vars&quot;:{&quot;columns&quot;:&quot;3&quot;,&quot;exclude_items&quot;:&quot;none&quot;,&quot;img_size&quot;:&quot;default&quot;,&quot;ignore_items_size&quot;:0,&quot;items_layout&quot;:&quot;109&quot;,&quot;items_offset&quot;:&quot;1&quot;,&quot;load_animation&quot;:&quot;fade&quot;,&quot;overriding_link&quot;:&quot;%7B%22url%22%3A%22%22%7D&quot;,&quot;post_id&quot;:0,&quot;query_args&quot;:{&quot;post_type&quot;:[&quot;post&quot;],&quot;post_status&quot;:[&quot;publish&quot;],&quot;posts_per_page&quot;:&quot;10&quot;},&quot;orderby_query_args&quot;:{&quot;orderby&quot;:{&quot;date&quot;:&quot;DESC&quot;}},&quot;type&quot;:&quot;grid&quot;,&quot;us_grid_ajax_index&quot;:1,&quot;us_grid_filter_params&quot;:[],&quot;us_grid_index&quot;:1,&quot;_us_grid_post_type&quot;:&quot;post&quot;,&quot;page_args&quot;:[],&quot;lang&quot;:&quot;es&quot;}}'><\/div>\r\n\t<\/div><div class=\"w-btn-wrapper align_center\"><a class=\"w-btn us-btn-style_1\" href=\"https:\/\/cleaneasybugaderies.com\/es\/a-domicilio\/\"><span class=\"w-btn-label\">\u00bfQuieres hacer un pedido a domicilio?<\/span><\/a><\/div><\/div><\/div><\/div><\/div><\/section><section class=\"l-section wpb_row height_small\" id=\"bnrMd\"><div class=\"l-section-h i-cf\"><div class=\"g-cols vc_row via_grid cols_3 laptops-cols_inherit tablets-cols_inherit mobiles-cols_1 valign_top type_default stacking_default\" style=\"--gap:8px;\"><div class=\"wpb_column vc_column_container us_custom_60e9caca active us_animate_this\"><div class=\"vc_column-inner\"><div class=\"w-ibanner animation_caeros ratio_2x1 easing_ease\"><div class=\"w-ibanner-h\"><div class=\"w-ibanner-image\" style=\"background-image: url(https:\/\/cleaneasybugaderies.com\/wp-content\/uploads\/2024\/01\/Consells-img.jpg)\"><\/div><div class=\"w-ibanner-content\"><div class=\"w-ibanner-content-h\"><h5 class=\"w-ibanner-title\">Consejos<\/h5><div class=\"w-ibanner-desc\"><\/div><\/div><\/div><\/div><a href=\"consejos\" aria-label=\"Consejos\"><\/a><\/div><\/div><\/div><div class=\"wpb_column vc_column_container us_custom_de366d1c us_animate_this\"><div class=\"vc_column-inner\"><div class=\"w-ibanner animation_caeros ratio_2x1 easing_ease\"><div class=\"w-ibanner-h\"><div class=\"w-ibanner-image\" style=\"background-image: url(https:\/\/cleaneasybugaderies.com\/wp-content\/uploads\/2024\/01\/Responsabilitat-Social-Corporativa-img.jpg)\"><\/div><div class=\"w-ibanner-content\"><div class=\"w-ibanner-content-h\"><h5 class=\"w-ibanner-title\">Responsabilidad Social Corporativa<\/h5><div class=\"w-ibanner-desc\"><\/div><\/div><\/div><\/div><a href=\"https:\/\/cleaneasybugaderies.com\/es\/responsabilidad-social-corporativa\/\" aria-label=\"Responsabilidad Social Corporativa\"><\/a><\/div><\/div><\/div><div class=\"wpb_column vc_column_container us_custom_8c71efed us_animate_this\"><div class=\"vc_column-inner\"><div class=\"w-ibanner animation_caeros ratio_2x1 easing_ease\"><div class=\"w-ibanner-h\"><div class=\"w-ibanner-image\" style=\"background-image: url(https:\/\/cleaneasybugaderies.com\/wp-content\/uploads\/2026\/02\/correo-electronico-ancho-1024x424.png)\"><\/div><div class=\"w-ibanner-content\"><div class=\"w-ibanner-content-h\"><h5 class=\"w-ibanner-title\">Preguntas frecuentes<\/h5><div class=\"w-ibanner-desc\"><\/div><\/div><\/div><\/div><a href=\"preg\" aria-label=\"Preguntas frecuentes\"><\/a><\/div><\/div><\/div><\/div><\/div><\/section>\n","protected":false},"excerpt":{"rendered":"Mantener las toallas suaves y esponjosas es crucial para disfrutar de una experiencia agradable despu\u00e9s de cada ba\u00f1o. Aqu\u00ed te ofrecemos algunos consejos efectivos para lavar tus toallas de manera que conserven su textura y durabilidad: Pasos para el lavado ideal de toallas Temperatura del agua: Usa agua tibia para lavar tus toallas. El agua...","protected":false},"author":1,"featured_media":0,"parent":0,"menu_order":0,"comment_status":"closed","ping_status":"closed","template":"","meta":{"_uf_show_specific_survey":0,"_uf_disable_surveys":false,"footnotes":""},"class_list":["post-730","page","type-page","status-publish","hentry"],"aioseo_notices":[],"_links":{"self":[{"href":"https:\/\/cleaneasybugaderies.com\/es\/wp-json\/wp\/v2\/pages\/730","targetHints":{"allow":["GET"]}}],"collection":[{"href":"https:\/\/cleaneasybugaderies.com\/es\/wp-json\/wp\/v2\/pages"}],"about":[{"href":"https:\/\/cleaneasybugaderies.com\/es\/wp-json\/wp\/v2\/types\/page"}],"author":[{"embeddable":true,"href":"https:\/\/cleaneasybugaderies.com\/es\/wp-json\/wp\/v2\/users\/1"}],"replies":[{"embeddable":true,"href":"https:\/\/cleaneasybugaderies.com\/es\/wp-json\/wp\/v2\/comments?post=730"}],"version-history":[{"count":36,"href":"https:\/\/cleaneasybugaderies.com\/es\/wp-json\/wp\/v2\/pages\/730\/revisions"}],"predecessor-version":[{"id":3567,"href":"https:\/\/cleaneasybugaderies.com\/es\/wp-json\/wp\/v2\/pages\/730\/revisions\/3567"}],"wp:attachment":[{"href":"https:\/\/cleaneasybugaderies.com\/es\/wp-json\/wp\/v2\/media?parent=730"}],"curies":[{"name":"wp","href":"https:\/\/api.w.org\/{rel}","templated":true}]}}