{"id":724,"date":"2024-01-10T18:20:17","date_gmt":"2024-01-10T16:20:17","guid":{"rendered":"https:\/\/cleaneasybugaderies.com\/a-domicilio\/"},"modified":"2026-03-01T23:18:25","modified_gmt":"2026-03-01T21:18:25","slug":"a-domicilio","status":"publish","type":"page","link":"https:\/\/cleaneasybugaderies.com\/es\/a-domicilio\/","title":{"rendered":"A domicilio 48h"},"content":{"rendered":"<section class=\"l-section wpb_row inrHd hdMd hide_on_tablets hide_on_mobiles height_small\" id=\"sldMd\"><div class=\"l-section-h i-cf\"><div class=\"g-cols vc_row via_grid cols_1 laptops-cols_inherit tablets-cols_inherit mobiles-cols_1 valign_top type_default stacking_default\"><div class=\"wpb_column vc_column_container hide_on_mobiles\"><div class=\"vc_column-inner\"><div class=\"w-vwrapper us_custom_2756c131 align_none valign_bottom\" style=\"--vwrapper-gap:0rem\"><div class=\"wpb_text_column us_custom_4a593b65 us_animate_this\"><div class=\"wpb_wrapper\"><h1>Lavander\u00eda a domicilio<\/h1>\n<\/div><\/div><div class=\"wpb_text_column us_custom_a518f36e us_animate_this\"><div class=\"wpb_wrapper\"><h2>Desde 21 \u20ac: lavado, secado y doblado en Barcelona<\/h2>\n<\/div><\/div><\/div><\/div><\/div><\/div><\/div><\/section><section class=\"l-section wpb_row inrHd hdMd hide_on_default hide_on_laptops height_small\" id=\"sldMd\"><div class=\"l-section-h i-cf\"><div class=\"g-cols vc_row via_grid cols_1 laptops-cols_inherit tablets-cols_inherit mobiles-cols_1 valign_top type_default stacking_default\"><div class=\"wpb_column vc_column_container hide_on_default\"><div class=\"vc_column-inner\"><div class=\"w-vwrapper us_custom_c7073201 align_center valign_middle\" style=\"--vwrapper-gap:0rem\"><div class=\"wpb_text_column us_custom_4a593b65 us_animate_this\"><div class=\"wpb_wrapper\"><h1 style=\"text-align: center;\">Lavander\u00eda a domicilio<\/h1>\n<\/div><\/div><div class=\"wpb_text_column us_custom_a518f36e us_animate_this\"><div class=\"wpb_wrapper\"><h2 style=\"text-align: center;\">Desde 21 \u20ac: lavado, secado y doblado en Barcelona<\/h2>\n<\/div><\/div><\/div><\/div><\/div><\/div><\/div><\/section><section class=\"l-section wpb_row txtMd height_medium\"><div class=\"l-section-h i-cf\"><div class=\"g-cols vc_row via_grid cols_1 laptops-cols_inherit tablets-cols_inherit mobiles-cols_1 valign_top type_default stacking_default\"><div class=\"wpb_column vc_column_container\"><div class=\"vc_column-inner\"><div class=\"wpb_text_column\"><div class=\"wpb_wrapper\"><h3 style=\"text-align: center;\">Lavander\u00eda industrial para tu ropa dom\u00e9stica.<\/h3>\n<\/div><\/div><div class=\"wpb_text_column\"><div class=\"wpb_wrapper\"><p style=\"text-align: center;\">Simplifica tu vida con nuestros servicios de lavander\u00eda a domicilio en Barcelona y Hospitalet del Llobregat.<\/p>\n<\/div><\/div><\/div><\/div><\/div><\/div><\/section><section class=\"l-section wpb_row dblMd hide_on_default hide_on_laptops height_auto color_alternate\"><div class=\"l-section-h i-cf\"><div class=\"g-cols vc_row via_grid cols_1 laptops-cols_inherit tablets-cols_inherit mobiles-cols_1 valign_top type_default stacking_default\" style=\"--gap:0rem;\"><div class=\"wpb_column vc_column_container us_custom_7e20fa79 imgCl us_animate_this stretched\"><div class=\"vc_column-inner\"><div class=\"ult-spacer spacer-69d4b170689e7\" data-id=\"69d4b170689e7\" data-height=\"\" data-height-mobile=\"24\" data-height-tab=\"\" data-height-tab-portrait=\"\" data-height-mobile-landscape=\"\" style=\"clear:both;display:block;\"><\/div><div class=\"wpb_text_column\"><div class=\"wpb_wrapper\"><h4 style=\"text-align: center;\"><strong>Servicio est\u00e1ndar 48h<\/strong><\/h4>\n<\/div><\/div><div class=\"w-btn-wrapper align_center\"><a class=\"w-btn us-btn-style_1\" href=\"#cntMd\"><span class=\"w-btn-label\">Recogida est\u00e1ndar<\/span><\/a><\/div><div class=\"ult-spacer spacer-69d4b17068f2d\" data-id=\"69d4b17068f2d\" data-height=\"\" data-height-mobile=\"16\" data-height-tab=\"\" data-height-tab-portrait=\"\" data-height-mobile-landscape=\"\" style=\"clear:both;display:block;\"><\/div><\/div><\/div><\/div><\/div><\/section><section class=\"l-section wpb_row txtMd height_small width_full\"><div class=\"l-section-h i-cf\"><div class=\"g-cols vc_row via_grid cols_1-2-1 laptops-cols_inherit tablets-cols_inherit mobiles-cols_1 valign_middle type_default stacking_default\" style=\"--gap:0.5rem;\"><div class=\"wpb_column vc_column_container\"><div class=\"vc_column-inner\"><\/div><\/div><div class=\"wpb_column vc_column_container\"><div class=\"vc_column-inner\"><div class=\"w-ibanner animation_soter ratio_2x1 easing_ease\"><div class=\"w-ibanner-h\"><div class=\"w-ibanner-image\" style=\"background-image: url(https:\/\/cleaneasybugaderies.com\/wp-content\/uploads\/2025\/07\/furgo-vectorizada-1-150x150.jpg)\"><\/div><div class=\"w-ibanner-content\"><div class=\"w-ibanner-content-h\"><h3 class=\"w-ibanner-title\">Servicio est\u00e1ndard de lavander\u00eda en 48h<\/h3><div class=\"w-ibanner-desc\"><p>Desde solo 21\u20ac+ Transport desde 10\u20ac<\/p>\n<\/div><\/div><\/div><\/div><a href=\"#cntMd\" aria-label=\"Servicio est\u00e1ndard de lavander\u00eda en 48h\"><\/a><\/div><\/div><\/div><div class=\"wpb_column vc_column_container\"><div class=\"vc_column-inner\"><\/div><\/div><\/div><\/div><\/section><section class=\"l-section wpb_row txtMd height_medium\"><div class=\"l-section-h i-cf\"><div class=\"g-cols vc_row via_grid cols_1-4-1 laptops-cols_inherit tablets-cols_inherit mobiles-cols_1 valign_top type_default stacking_default\" style=\"--gap:0.5rem;\"><div class=\"wpb_column vc_column_container\"><div class=\"vc_column-inner\"><\/div><\/div><div class=\"wpb_column vc_column_container\" id=\"Standard48\"><div class=\"vc_column-inner\"><div class=\"wpb_text_column\"><div class=\"wpb_wrapper\"><p>Ahorra tiempo con el <strong>servicio est\u00e1ndar de lavander\u00eda a domicilio<\/strong> de Clean &amp; Easy Bugaderies, la soluci\u00f3n perfecta para tener tu ropa limpia sin salir de casa. Nos encargamos de recoger, lavar, secar y entregar tu ropa limpia y doblada en solo <strong>48 horas.<\/strong><\/p>\n<p>Con <a href=\"https:\/\/cleaneasybugaderies.com\/es\/precios\/\">precios<\/a> desde solo <strong>21 \u20ac + entrega,<\/strong> disfruta de un servicio c\u00f3modo y r\u00e1pido en <strong>Barcelona, L&#8217;Hospitalet de Llobregat<\/strong> y alrededores. Ideal para particulares, familias y estudiantes que buscan calidad y eficiencia.<\/p>\n<\/div><\/div><div class=\"ult-spacer spacer-69d4b1706abb1\" data-id=\"69d4b1706abb1\" data-height=\"\" data-height-mobile=\"\" data-height-tab=\"\" data-height-tab-portrait=\"\" data-height-mobile-landscape=\"\" style=\"clear:both;display:block;\"><\/div><div class=\"wpb_text_column\"><div class=\"wpb_wrapper\"><h4 style=\"text-align: center;\">\u00bfCu\u00e1nta ropa cabe en la lavadora?<\/h4>\n<\/div><\/div><div class=\"wpb_text_column\"><div class=\"wpb_wrapper\"><p>Nuestras lavadoras tienen tres tama\u00f1os:<\/p>\n<ul>\n<li>Bolsa L: 30 litros (m\u00e1s grande que una lavadora dom\u00e9stica)<\/li>\n<li>Bolsa XL: 45 litros<\/li>\n<li>Bolsa XXL: 60 litros<\/li>\n<\/ul>\n<p>Nosotros llevaremos nuestras bolsas y usted podr\u00e1 meter toda la ropa que quepa en ellas.<\/p>\n<p>Si desea<strong> separar la ropa por colores,<\/strong> deber\u00e1 elegir dos bolsas.<\/p>\n<\/div><\/div><div class=\"ult-spacer spacer-69d4b1706b087\" data-id=\"69d4b1706b087\" data-height=\"\" data-height-mobile=\"\" data-height-tab=\"\" data-height-tab-portrait=\"\" data-height-mobile-landscape=\"\" style=\"clear:both;display:block;\"><\/div><div class=\"wpb_text_column\"><div class=\"wpb_wrapper\"><h4 style=\"text-align: center;\">\u00bfC\u00f3mo solicitar el servicio de lavander\u00eda est\u00e1ndar?<\/h4>\n<\/div><\/div><div class=\"wpb_text_column\"><div class=\"wpb_wrapper\"><ol>\n<li>Rellena el <a href=\"#cntMd\"><strong>formulario de 48h<\/strong><\/a> o <strong>ll\u00e1manos <strong>al <a href=\"tel:0034640113724\">640 11 37 24 <\/a><\/strong><\/strong>Tambi\u00e9n estamos en WhatsApp.<\/li>\n<li>Te enviaremos un mensaje para confirmar la recogida.<\/li>\n<li>Recogeremos tu ropa y podr\u00e1s pagar en efectivo, con Bizum, transferencia bancaria o PayPal.<\/li>\n<li>Lavaremos, secaremos y doblaremos tu ropa.<\/li>\n<li>Te devolveremos tu ropa limpia en el horario que elijas.<\/li>\n<\/ol>\n<p><strong>\u00a1Clean! Tendr\u00e1s tu ropa limpia en 48 horas.<\/strong><\/p>\n<p>Nuestro horario de atenci\u00f3n es de l<strong>unes a viernes, de 9:00 a 21:00.<\/strong><\/p>\n<p>Ten en cuenta que, para el <strong>servicio est\u00e1ndar de lavander\u00eda a domicilio, el transporte se cobra por separado.<\/strong> Consultar<\/p>\n<\/div><\/div><\/div><\/div><div class=\"wpb_column vc_column_container\"><div class=\"vc_column-inner\"><\/div><\/div><\/div><\/div><\/section><section class=\"l-section wpb_row us_custom_a518f36e txtMd us_animate_this height_medium\"><div class=\"l-section-h i-cf\"><div class=\"g-cols vc_row via_grid cols_1 laptops-cols_inherit tablets-cols_inherit mobiles-cols_1 valign_top type_default stacking_default\"><div class=\"wpb_column vc_column_container\"><div class=\"vc_column-inner\"><div class=\"w-btn-wrapper align_center\"><a class=\"w-btn us-btn-style_1\" href=\"https:\/\/cleaneasybugaderies.com\/es\/a-domicilio-2\/\"><span class=\"w-btn-label\">\u00bfQuieres que lo lavemos en seis horas?<\/span><\/a><\/div><\/div><\/div><\/div><\/div><\/section><section class=\"l-section wpb_row dblMd height_auto color_alternate\"><div class=\"l-section-h i-cf\"><div class=\"g-cols vc_row via_grid cols_2 laptops-cols_inherit tablets-cols_inherit mobiles-cols_1 valign_top type_default stacking_default\" style=\"--gap:0rem;\"><div class=\"wpb_column vc_column_container us_custom_7e20fa79 imgCl us_animate_this\"><div class=\"vc_column-inner\"><div class=\"w-image align_center\"><div class=\"w-image-h\"><img loading=\"lazy\" decoding=\"async\" width=\"1459\" height=\"1459\" src=\"https:\/\/cleaneasybugaderies.com\/wp-content\/uploads\/2026\/02\/atencion-al-cliente--e1772208896630.png\" class=\"attachment-full size-full\" alt=\"Contacte Bugaderia Barcelona\" \/><\/div><\/div><\/div><\/div><div class=\"wpb_column vc_column_container us_custom_47474b22 infCl us_animate_this\"><div class=\"vc_column-inner\"><div class=\"wpb_text_column\"><div class=\"wpb_wrapper\"><h4 style=\"text-align: center;\">\u00bfPor qu\u00e9 elegir nuestro servicio a domicilio?<\/h4>\n<\/div><\/div><div class=\"wpb_text_column\"><div class=\"wpb_wrapper\"><p>&nbsp;<\/p>\n<ul>\n<li><strong>R\u00e1pido y fiable<\/strong>: garantizamos la recogida y entrega dentro del plazo que elijas, ahorr\u00e1ndote tiempo.<\/li>\n<li><strong>Calidad profesional:<\/strong> lavado con detergentes de alta calidad y secado perfecto para tu ropa.<\/li>\n<li><strong>Amplio horario de apertura<\/strong>: horarios flexibles que se adaptan a sus necesidades.<\/li>\n<li><strong>Asequible<\/strong>: desde solo 21 \u20ac + transporte en 48 horas o 55 \u20ac con transporte incluido en 6 horas.<\/li>\n<\/ul>\n<\/div><\/div><div class=\"wpb_text_column\"><div class=\"wpb_wrapper\"><h4 style=\"text-align: center;\">\u00bfD\u00f3nde ofrecemos el servicio?<\/h4>\n<\/div><\/div><div class=\"wpb_text_column\"><div class=\"wpb_wrapper\"><p>Ofrecemos nuestro servicio a domicilio en Hospitalet del Llobregat y en varios barrios de Barcelona, incluyendo <strong>La Bordeta, Sants-Montju\u00efc, Les Corts, Eixample, Sarri\u00e0, Sant Gervasi<\/strong> y otras zonas cercanas. Si tienes alguna pregunta, ponte en <a href=\"https:\/\/cleaneasybugaderies.com\/es\/contacto\/\">contacto<\/a> con nosotros y te informaremos sobre la disponibilidad en tu barrio, o ll\u00e1manos al <a href=\"tel:0034640113724\"><strong>0034 640 11 37 24<\/strong><\/a> para obtener m\u00e1s informaci\u00f3n<\/p>\n<\/div><\/div><\/div><\/div><\/div><\/div><\/section><section class=\"l-section wpb_row us_custom_60e9caca us_animate_this height_medium\" id=\"cntMd\"><div class=\"l-section-h i-cf\"><div class=\"g-cols vc_row via_grid cols_1 laptops-cols_inherit tablets-cols_inherit mobiles-cols_1 valign_top type_default stacking_default\"><div class=\"wpb_column vc_column_container\"><div class=\"vc_column-inner\"><div class=\"wpb_text_column us_custom_df5f4c97 has_text_color\"><div class=\"wpb_wrapper\"><h3 style=\"text-align: center;\">Formulario para el servicio est\u00e1ndar de lavander\u00eda en 48 horas<\/h3>\n<\/div><\/div><div class=\"wpb_text_column\"><div class=\"wpb_wrapper\"><p style=\"text-align: center;\">Utilizaremos tus datos \u00fanicamente para hacer el servicio a domicilio de limpieza, secado y doblado profesional de tu ropa.<\/p>\n<\/div><\/div>\n<div class=\"wpcf7 no-js\" id=\"wpcf7-f791-o1\" lang=\"es-ES\" dir=\"ltr\" data-wpcf7-id=\"791\">\n<div class=\"screen-reader-response\"><p role=\"status\" aria-live=\"polite\" aria-atomic=\"true\"><\/p> <ul><\/ul><\/div>\n<form action=\"\/es\/wp-json\/wp\/v2\/pages\/724#wpcf7-f791-o1\" method=\"post\" class=\"wpcf7-form init\" aria-label=\"Formulario de contacto\" novalidate=\"novalidate\" data-status=\"init\">\n<fieldset class=\"hidden-fields-container\"><input type=\"hidden\" name=\"_wpcf7\" value=\"791\" \/><input type=\"hidden\" name=\"_wpcf7_version\" value=\"6.1.5\" \/><input type=\"hidden\" name=\"_wpcf7_locale\" value=\"es_ES\" \/><input type=\"hidden\" name=\"_wpcf7_unit_tag\" value=\"wpcf7-f791-o1\" \/><input type=\"hidden\" name=\"_wpcf7_container_post\" value=\"0\" \/><input type=\"hidden\" name=\"_wpcf7_posted_data_hash\" value=\"\" \/><input type=\"hidden\" name=\"_wpcf7_recaptcha_response\" value=\"\" \/>\n<\/fieldset>\n<div class=\"half\">\n\t<p><span class=\"wpcf7-form-control-wrap\" data-name=\"your-name\"><input size=\"40\" maxlength=\"400\" class=\"wpcf7-form-control wpcf7-text wpcf7-validates-as-required\" aria-required=\"true\" aria-invalid=\"false\" placeholder=\"Nombre y Apellidos\" value=\"\" type=\"text\" name=\"your-name\" \/><\/span><span class=\"wpcf7-form-control-wrap\" data-name=\"your-phone\"><input size=\"40\" maxlength=\"400\" class=\"wpcf7-form-control wpcf7-tel wpcf7-validates-as-required wpcf7-text wpcf7-validates-as-tel\" aria-required=\"true\" aria-invalid=\"false\" placeholder=\"Tel\u00e9fono\" value=\"\" type=\"tel\" name=\"your-phone\" \/><\/span>\n\t<\/p>\n<\/div>\n<div class=\"inpSct\">\n\t<p><span class=\"wpcf7-form-control-wrap\" data-name=\"your-adres\"><input size=\"40\" maxlength=\"400\" class=\"wpcf7-form-control wpcf7-text wpcf7-validates-as-required\" aria-required=\"true\" aria-invalid=\"false\" placeholder=\"Direcci\u00f3n\" value=\"\" type=\"text\" name=\"your-adres\" \/><\/span>\n\t<\/p>\n<\/div>\n<div class=\"inpSct\">\n\t<p><span class=\"wpcf7-form-control-wrap\" data-name=\"your-email\"><input size=\"40\" maxlength=\"400\" class=\"wpcf7-form-control wpcf7-email wpcf7-validates-as-required wpcf7-text wpcf7-validates-as-email\" aria-required=\"true\" aria-invalid=\"false\" placeholder=\"Direcci\u00f3n d&#039;email\" value=\"\" type=\"email\" name=\"your-email\" \/><\/span>\n\t<\/p>\n<\/div>\n<div class=\"pSct\">\n\t<p>\u00bfCu\u00e1l es su pedido?\n\t<\/p>\n\t<p><span class=\"wpcf7-form-control-wrap\" data-name=\"your-comada\"><textarea cols=\"40\" rows=\"10\" maxlength=\"2000\" class=\"wpcf7-form-control wpcf7-textarea wpcf7-validates-as-required\" aria-required=\"true\" aria-invalid=\"false\" placeholder=\"Descripci\u00f3n\u2026\" name=\"your-comada\"><\/textarea><\/span>\n\t<\/p>\n<\/div>\n<div class=\"pSct\">\n\t<p>\u00bfCu\u00e1ntos litros de ropa quieres lavar? Recuerde, el transporte no est\u00e1 incluido\n\t<\/p>\n\t<p><span class=\"wpcf7-form-control-wrap\" data-name=\"your-rentat\"><select class=\"wpcf7-form-control wpcf7-select wpcf7-validates-as-required\" aria-required=\"true\" aria-invalid=\"false\" name=\"your-rentat\"><option value=\"Lavado de 30 litros - 21\u20ac\">Lavado de 30 litros - 21\u20ac<\/option><option value=\"Lavado de 45 litros - 33\u20ac\">Lavado de 45 litros - 33\u20ac<\/option><option value=\"Lavado de 60 litros - 42\u20ac\">Lavado de 60 litros - 42\u20ac<\/option><\/select><\/span>\n\t<\/p>\n<\/div>\n<div class=\"pSct\">\n\t<p>\u00bfHorario de recogida?:\n\t<\/p>\n\t<p><span class=\"wpcf7-form-control-wrap\" data-name=\"your-recollida\"><select class=\"wpcf7-form-control wpcf7-select wpcf7-validates-as-required\" aria-required=\"true\" aria-invalid=\"false\" name=\"your-recollida\"><option value=\"Ma\u00f1ana de 9:00 a 11:30\">Ma\u00f1ana de 9:00 a 11:30<\/option><option value=\"Ma\u00f1ana de 11:30 a 14:00\">Ma\u00f1ana de 11:30 a 14:00<\/option><option value=\"Tarde de 14:00 a 17:30\">Tarde de 14:00 a 17:30<\/option><option value=\"Tarde de 17:30 a 21:00\">Tarde de 17:30 a 21:00<\/option><\/select><\/span>\n\t<\/p>\n<\/div>\n<div class=\"pSct\">\n\t<p>\u00bfHorario de devoluci\u00f3n?\n\t<\/p>\n\t<p><span class=\"wpcf7-form-control-wrap\" data-name=\"your-devolucio\"><select class=\"wpcf7-form-control wpcf7-select wpcf7-validates-as-required\" aria-required=\"true\" aria-invalid=\"false\" name=\"your-devolucio\"><option value=\"Ma\u00f1ana de 9:00 a 11:30\">Ma\u00f1ana de 9:00 a 11:30<\/option><option value=\"Ma\u00f1ana de 11:30 a 14:00\">Ma\u00f1ana de 11:30 a 14:00<\/option><option value=\"Tarde de 14:00 a 17:30\">Tarde de 14:00 a 17:30<\/option><option value=\"Tarde de 17:30 a 21:00\">Tarde de 17:30 a 21:00<\/option><\/select><\/span>\n\t<\/p>\n<\/div>\n<div class=\"pSct\">\n\t<p>\u00bfQuieres dejarnos alg\u00fan comentario?\n\t<\/p>\n\t<p><span class=\"wpcf7-form-control-wrap\" data-name=\"your-msj\"><textarea cols=\"40\" rows=\"10\" maxlength=\"2000\" class=\"wpcf7-form-control wpcf7-textarea wpcf7-validates-as-required\" aria-required=\"true\" aria-invalid=\"false\" placeholder=\"Comentario\u2026\" name=\"your-msj\"><\/textarea><\/span>\n\t<\/p>\n<\/div>\n<div class=\"legal\">\n\t<p><span class=\"wpcf7-form-control-wrap\" data-name=\"acceptance-645\"><span class=\"wpcf7-form-control wpcf7-acceptance\"><span class=\"wpcf7-list-item\"><label><input type=\"checkbox\" name=\"acceptance-645\" value=\"1\" aria-invalid=\"false\" \/><span class=\"wpcf7-list-item-label\">Acepto las condiciones legales y recibir contenido comercial<\/span><\/label><\/span><\/span><\/span>\n\t<\/p>\n<\/div>\n<div class=\"send\">\n\t<p><input class=\"wpcf7-form-control wpcf7-submit has-spinner\" type=\"submit\" value=\"Enviar mensaje\" \/>\n\t<\/p>\n<\/div>\n<p style=\"margin:0; padding:0; line-height: 0; Height:0;\"><span id=\"wpcf7-69d4b17071876-wrapper\" class=\"wpcf7-form-control-wrap honeypot-781-wrap\" style=\"display:none !important; visibility:hidden !important;\"><label for=\"hddn-form\" class=\"hp-message\">Por favor, deja este campo vac\u00edo.<\/label><input id=\"hddn-form\"  class=\"wpcf7-form-control wpcf7-text\" type=\"text\" name=\"honeypot-781\" value=\"\" size=\"40\" tabindex=\"-1\" autocomplete=\"new-password\" \/><\/span>\n<\/p><div class=\"wpcf7-response-output\" aria-hidden=\"true\"><\/div>\n<\/form>\n<\/div>\n<\/div><\/div><\/div><\/div><\/section><section class=\"l-section wpb_row us_custom_8f2ba1f4 us_animate_this height_auto\" id=\"tcaMd\"><div class=\"l-section-overlay\" style=\"background:#7AB9D6\"><\/div><div class=\"l-section-h i-cf\"><div class=\"g-cols vc_row via_grid cols_1 laptops-cols_inherit tablets-cols_inherit mobiles-cols_1 valign_top type_default stacking_default\"><div class=\"wpb_column vc_column_container\"><div class=\"vc_column-inner\"><div class=\"ult-spacer spacer-69d4b17071ff5\" data-id=\"69d4b17071ff5\" data-height=\"8\" data-height-mobile=\"8\" data-height-tab=\"8\" data-height-tab-portrait=\"\" data-height-mobile-landscape=\"\" style=\"clear:both;display:block;\"><\/div><div class=\"wpb_text_column\"><div class=\"wpb_wrapper\"><p style=\"text-align: center;\"><span style=\"font-size: 18px;\">Si quieres puedes seguirnos en Instagram para conocer informaciones, ofertas y consejos.<\/span><\/p>\n<\/div><\/div><div class=\"ult-spacer spacer-69d4b170722aa\" data-id=\"69d4b170722aa\" data-height=\"8\" data-height-mobile=\"8\" data-height-tab=\"8\" data-height-tab-portrait=\"\" data-height-mobile-landscape=\"\" style=\"clear:both;display:block;\"><\/div><\/div><\/div><\/div><\/div><\/section><section class=\"l-section wpb_row dblMd jove height_small color_alternate\"><div class=\"l-section-h i-cf\"><div class=\"g-cols vc_row via_grid cols_2 laptops-cols_inherit tablets-cols_inherit mobiles-cols_1 valign_top type_default stacking_default\" style=\"--gap:0rem;\"><div class=\"wpb_column vc_column_container us_custom_7e20fa79 imgCl us_animate_this\"><div class=\"vc_column-inner\"><div class=\"w-image align_none\"><div class=\"w-image-h\"><img loading=\"lazy\" decoding=\"async\" width=\"404\" height=\"309\" src=\"https:\/\/cleaneasybugaderies.com\/wp-content\/uploads\/2024\/01\/carnet-jove.png\" class=\"attachment-full size-full\" alt=\"descomptes amb el carnet jove\" srcset=\"https:\/\/cleaneasybugaderies.com\/wp-content\/uploads\/2024\/01\/carnet-jove.png 404w, https:\/\/cleaneasybugaderies.com\/wp-content\/uploads\/2024\/01\/carnet-jove-300x229.png 300w\" sizes=\"auto, (max-width: 404px) 100vw, 404px\" \/><\/div><\/div><\/div><\/div><div class=\"wpb_column vc_column_container us_custom_47474b22 infCl us_animate_this\"><div class=\"vc_column-inner\"><div class=\"wpb_text_column\"><div class=\"wpb_wrapper\"><h3>Descuentos especiales con el carnet jove, +65 a\u00f1os\u2026 ll\u00e1manos e inf\u00f3rmate<\/h3>\n<\/div><\/div><div class=\"wpb_text_column\"><div class=\"wpb_wrapper\"><p>Solicita los <strong>descuentos especiales<\/strong> en el servicio a domicilio con el <strong>formulario<\/strong>, al mail <strong>clean.easy.bugaderies@gmail.com <\/strong>o llamando al <a href=\"tel:0034640113724\">640 11 37 24<\/a><\/p>\n<\/div><\/div><\/div><\/div><\/div><\/div><\/section><section class=\"l-section wpb_row us_custom_a518f36e txtMd us_animate_this height_medium\"><div class=\"l-section-h i-cf\"><div class=\"g-cols vc_row via_grid cols_1-4-1 laptops-cols_inherit tablets-cols_inherit mobiles-cols_1 valign_middle type_default stacking_default\"><div class=\"wpb_column vc_column_container\"><div class=\"vc_column-inner\"><\/div><\/div><div class=\"wpb_column vc_column_container\"><div class=\"vc_column-inner\"><div class=\"w-btn-wrapper align_center\"><a class=\"w-btn us-btn-style_1\" href=\"https:\/\/cleaneasybugaderies.com\/es\/precios\/\"><span class=\"w-btn-label\">\u00bfQuieres conocer nuestros precios?<\/span><\/a><\/div><\/div><\/div><div class=\"wpb_column vc_column_container\"><div class=\"vc_column-inner\"><\/div><\/div><\/div><\/div><\/section><section class=\"l-section wpb_row height_small\" id=\"bnrMd\"><div class=\"l-section-h i-cf\"><div class=\"g-cols vc_row via_grid cols_3 laptops-cols_inherit tablets-cols_inherit mobiles-cols_1 valign_top type_default stacking_default\" style=\"--gap:8px;\"><div class=\"wpb_column vc_column_container us_custom_60e9caca us_animate_this\"><div class=\"vc_column-inner\"><div class=\"w-ibanner animation_caeros ratio_2x1 easing_ease\"><div class=\"w-ibanner-h\"><div class=\"w-ibanner-image\" style=\"background-image: url(https:\/\/cleaneasybugaderies.com\/wp-content\/uploads\/2024\/01\/Consells-img.jpg)\"><\/div><div class=\"w-ibanner-content\"><div class=\"w-ibanner-content-h\"><h5 class=\"w-ibanner-title\">Consejos<\/h5><div class=\"w-ibanner-desc\"><\/div><\/div><\/div><\/div><a href=\"consejos\" aria-label=\"Consejos\"><\/a><\/div><\/div><\/div><div class=\"wpb_column vc_column_container us_custom_de366d1c us_animate_this\"><div class=\"vc_column-inner\"><div class=\"w-ibanner animation_caeros ratio_2x1 easing_ease\"><div class=\"w-ibanner-h\"><div class=\"w-ibanner-image\" style=\"background-image: url(https:\/\/cleaneasybugaderies.com\/wp-content\/uploads\/2024\/01\/Responsabilitat-Social-Corporativa-img.jpg)\"><\/div><div class=\"w-ibanner-content\"><div class=\"w-ibanner-content-h\"><h5 class=\"w-ibanner-title\">Responsabilidad Social Corporativa<\/h5><div class=\"w-ibanner-desc\"><\/div><\/div><\/div><\/div><a href=\"https:\/\/cleaneasybugaderies.com\/es\/responsabilidad-social-corporativa\/\" aria-label=\"Responsabilidad Social Corporativa\"><\/a><\/div><\/div><\/div><div class=\"wpb_column vc_column_container us_custom_8c71efed us_animate_this\"><div class=\"vc_column-inner\"><div class=\"w-ibanner animation_caeros ratio_2x1 easing_ease\"><div class=\"w-ibanner-h\"><div class=\"w-ibanner-image\" style=\"background-image: url(https:\/\/cleaneasybugaderies.com\/wp-content\/uploads\/2026\/02\/correo-electronico-ancho-1024x424.png)\"><\/div><div class=\"w-ibanner-content\"><div class=\"w-ibanner-content-h\"><h5 class=\"w-ibanner-title\">Preguntas frecuentes<\/h5><div class=\"w-ibanner-desc\"><\/div><\/div><\/div><\/div><a href=\"preg\" aria-label=\"Preguntas frecuentes\"><\/a><\/div><\/div><\/div><\/div><\/div><\/section>\n","protected":false},"excerpt":{"rendered":"Lavander\u00eda a domicilio Desde 21 \u20ac: lavado, secado y doblado en Barcelona Lavander\u00eda a domicilio Desde 21 \u20ac: lavado, secado y doblado en Barcelona Lavander\u00eda industrial para tu ropa dom\u00e9stica. Simplifica tu vida con nuestros servicios de lavander\u00eda a domicilio en Barcelona y Hospitalet del Llobregat. Servicio est\u00e1ndar 48h Recogida est\u00e1ndarServicio est\u00e1ndard de lavander\u00eda en...","protected":false},"author":1,"featured_media":0,"parent":0,"menu_order":0,"comment_status":"closed","ping_status":"closed","template":"","meta":{"_uf_show_specific_survey":0,"_uf_disable_surveys":false,"footnotes":""},"class_list":["post-724","page","type-page","status-publish","hentry"],"aioseo_notices":[],"_links":{"self":[{"href":"https:\/\/cleaneasybugaderies.com\/es\/wp-json\/wp\/v2\/pages\/724","targetHints":{"allow":["GET"]}}],"collection":[{"href":"https:\/\/cleaneasybugaderies.com\/es\/wp-json\/wp\/v2\/pages"}],"about":[{"href":"https:\/\/cleaneasybugaderies.com\/es\/wp-json\/wp\/v2\/types\/page"}],"author":[{"embeddable":true,"href":"https:\/\/cleaneasybugaderies.com\/es\/wp-json\/wp\/v2\/users\/1"}],"replies":[{"embeddable":true,"href":"https:\/\/cleaneasybugaderies.com\/es\/wp-json\/wp\/v2\/comments?post=724"}],"version-history":[{"count":185,"href":"https:\/\/cleaneasybugaderies.com\/es\/wp-json\/wp\/v2\/pages\/724\/revisions"}],"predecessor-version":[{"id":3952,"href":"https:\/\/cleaneasybugaderies.com\/es\/wp-json\/wp\/v2\/pages\/724\/revisions\/3952"}],"wp:attachment":[{"href":"https:\/\/cleaneasybugaderies.com\/es\/wp-json\/wp\/v2\/media?parent=724"}],"curies":[{"name":"wp","href":"https:\/\/api.w.org\/{rel}","templated":true}]}}