{"id":3184,"date":"2026-02-27T12:50:34","date_gmt":"2026-02-27T10:50:34","guid":{"rendered":"https:\/\/cleaneasybugaderies.com\/?page_id=3184"},"modified":"2026-03-20T18:30:36","modified_gmt":"2026-03-20T16:30:36","slug":"a-domicilio-2","status":"publish","type":"page","link":"https:\/\/cleaneasybugaderies.com\/es\/a-domicilio-2\/","title":{"rendered":"Urgente 6h"},"content":{"rendered":"<section class=\"l-section wpb_row inrHd hdMd hide_on_tablets hide_on_mobiles height_small\" id=\"sldMd\"><div class=\"l-section-h i-cf\"><div class=\"g-cols vc_row via_grid cols_1 laptops-cols_inherit tablets-cols_inherit mobiles-cols_1 valign_top type_default stacking_default\"><div class=\"wpb_column vc_column_container hide_on_mobiles\"><div class=\"vc_column-inner\"><div class=\"w-vwrapper us_custom_2756c131 align_none valign_bottom\" style=\"--vwrapper-gap:0rem\"><div class=\"wpb_text_column us_custom_4a593b65 us_animate_this\"><div class=\"wpb_wrapper\"><h1>Lavander\u00eda a domicilio urgente<\/h1>\n<\/div><\/div><div class=\"wpb_text_column us_custom_a518f36e us_animate_this\"><div class=\"wpb_wrapper\"><h2>Desde 55 \u20ac: lavado, secado y doblado en Barcelona<\/h2>\n<\/div><\/div><\/div><\/div><\/div><\/div><\/div><\/section><section class=\"l-section wpb_row inrHd hdMd hide_on_default hide_on_laptops height_small\" id=\"sldMd\"><div class=\"l-section-h i-cf\"><div class=\"g-cols vc_row via_grid cols_1 laptops-cols_inherit tablets-cols_inherit mobiles-cols_1 valign_top type_default stacking_default\"><div class=\"wpb_column vc_column_container hide_on_default\"><div class=\"vc_column-inner\"><div class=\"w-vwrapper us_custom_c7073201 align_center valign_middle\" style=\"--vwrapper-gap:0rem\"><div class=\"wpb_text_column us_custom_4a593b65 us_animate_this\"><div class=\"wpb_wrapper\"><h1 style=\"text-align: center;\">Lavander\u00eda a domicilio urgente<\/h1>\n<\/div><\/div><div class=\"wpb_text_column us_custom_a518f36e us_animate_this\"><div class=\"wpb_wrapper\"><h2 style=\"text-align: center;\">Desde 55 \u20ac: lavado, secado y doblado en Barcelona<\/h2>\n<\/div><\/div><\/div><\/div><\/div><\/div><\/div><\/section><section class=\"l-section wpb_row txtMd height_medium\"><div class=\"l-section-h i-cf\"><div class=\"g-cols vc_row via_grid cols_1 laptops-cols_inherit tablets-cols_inherit mobiles-cols_1 valign_top type_default stacking_default\"><div class=\"wpb_column vc_column_container\"><div class=\"vc_column-inner\"><div class=\"wpb_text_column\"><div class=\"wpb_wrapper\"><h3 style=\"text-align: center;\">Lavander\u00eda industrial para tu ropa dom\u00e9stica.<\/h3>\n<\/div><\/div><div class=\"wpb_text_column\"><div class=\"wpb_wrapper\"><p style=\"text-align: center;\">Simplifica tu vida con nuestros servicios de lavander\u00eda a domicilio en Barcelona y Hospitalet del Llobregat.<\/p>\n<\/div><\/div><\/div><\/div><\/div><\/div><\/section><section class=\"l-section wpb_row dblMd hide_on_default hide_on_laptops height_auto color_alternate\"><div class=\"l-section-h i-cf\"><div class=\"g-cols vc_row via_grid cols_1 laptops-cols_inherit tablets-cols_inherit mobiles-cols_1 valign_top type_default stacking_default\" style=\"--gap:0rem;\"><div class=\"wpb_column vc_column_container us_custom_47474b22 infCl us_animate_this\"><div class=\"vc_column-inner\"><div class=\"wpb_text_column\"><div class=\"wpb_wrapper\"><h4 style=\"text-align: center;\">Servicio express en 6h<\/h4>\n<\/div><\/div><div class=\"w-btn-wrapper align_center\"><a class=\"w-btn us-btn-style_1 icon_atleft\" href=\"#cntMd2\"><i class=\"fas fa-bolt\"><\/i><span class=\"w-btn-label\">Recogida express<\/span><\/a><\/div><\/div><\/div><\/div><\/div><\/section><section class=\"l-section wpb_row txtMd height_medium\"><div class=\"l-section-h i-cf\"><div class=\"g-cols vc_row via_grid cols_1-4-1 laptops-cols_inherit tablets-cols_inherit mobiles-cols_1 valign_top type_default stacking_default\"><div class=\"wpb_column vc_column_container\"><div class=\"vc_column-inner\"><\/div><\/div><div class=\"wpb_column vc_column_container\" id=\"Express\"><div class=\"vc_column-inner\"><div class=\"w-ibanner animation_soter ratio_2x1 easing_ease\"><div class=\"w-ibanner-h\"><div class=\"w-ibanner-image\" style=\"background-image: url(https:\/\/cleaneasybugaderies.com\/wp-content\/uploads\/2025\/07\/logo-moto.png)\"><\/div><div class=\"w-ibanner-content\"><div class=\"w-ibanner-content-h\"><h3 class=\"w-ibanner-title\">Servicio urgente de lavander\u00eda en 6h<\/h3><div class=\"w-ibanner-desc\"><p>Desde solo 55 \u20ac (transporte incluido)<\/p>\n<\/div><\/div><\/div><\/div><a href=\"#cntMd2\" aria-label=\"Servicio urgente de lavander\u00eda en 6h\"><\/a><\/div><div class=\"wpb_text_column\"><div class=\"wpb_wrapper\"><p>Este <strong>servicio urgente de lavander\u00eda en seis horas<\/strong> est\u00e1 especialmente dise\u00f1ado para los <strong>visitantes de Barcelona<\/strong>, permiti\u00e9ndoles marcharse con la ropa limpia. Disfrute de la<strong> Sagrada Familia, la Casa Batll\u00f3, la Pla\u00e7a Catalunya, las Ramblas o el Parque G\u00fcell mientras nosotros nos encargamos de su colada.<\/strong> Recogemos, lavamos, secamos y entregamos su ropa limpia y doblada en solo<strong> 6 horas.<\/strong> No ofrecemos servicios de limpieza en seco ni planchado.<\/p>\n<p>Con<a href=\"https:\/\/cleaneasybugaderies.com\/es\/precios\/\"> precios<\/a> desde solo<strong> 55 \u20ac (transporte incluido)<\/strong> y varias formas de pago: efectivo, Bizum, transferencia bancaria o PayPal. Disfruta de un servicio c\u00f3modo y r\u00e1pido en todos los hoteles, hostales y pensiones de <strong>Barcelona y L&#8217;Hospitalet de Llobregat<\/strong>. Ideal para turistas y trabajadores en estancias cortas que buscan calidad y eficiencia.<\/p>\n<\/div><\/div><div class=\"ult-spacer spacer-69d980a107590\" data-id=\"69d980a107590\" data-height=\"\" data-height-mobile=\"\" data-height-tab=\"\" data-height-tab-portrait=\"\" data-height-mobile-landscape=\"\" style=\"clear:both;display:block;\"><\/div><div class=\"wpb_text_column\"><div class=\"wpb_wrapper\"><h4 style=\"text-align: center;\">\u00bfCu\u00e1nta ropa cabe en la lavadora?<\/h4>\n<\/div><\/div><div class=\"wpb_text_column\"><div class=\"wpb_wrapper\"><p>Nuestras lavadoras tienen capacidad para 3 tama\u00f1os:<\/p>\n<ul>\n<li>Mochila de hasta 40x20x30cm<\/li>\n<li>Maleta de cabina de hasta 55x40x20xcm<\/li>\n<li>Maleta de facturaci\u00f3n de hasta 75x50x33 xm<\/li>\n<\/ul>\n<p>Recogeremos tu maleta y te la devolveremos con tu ropa limpia y doblada en su interior.<\/p>\n<p>Si desea<strong> separar por colores<\/strong>, deber\u00e1 elegir dos bolsas.<\/p>\n<\/div><\/div><div class=\"ult-spacer spacer-69d980a1079d2\" data-id=\"69d980a1079d2\" data-height=\"\" data-height-mobile=\"\" data-height-tab=\"\" data-height-tab-portrait=\"\" data-height-mobile-landscape=\"\" style=\"clear:both;display:block;\"><\/div><div class=\"wpb_text_column\"><div class=\"wpb_wrapper\"><h4 style=\"text-align: center;\">\u00bfC\u00f3mo solicitar el servicio urgente de lavander\u00eda?<\/h4>\n<\/div><\/div><div class=\"wpb_text_column\"><div class=\"wpb_wrapper\"><ol>\n<li>Rellena el <a href=\"#cntMd2\"><strong>formulario de 6 horas<\/strong><\/a> o ll\u00e1manos al <strong><strong><a href=\"tel:0034640113724\">0034 640 11 37 24<\/a>. <\/strong><\/strong>Tambi\u00e9n utilizamos WhatsApp.<\/li>\n<li>Te enviaremos un mensaje para confirmar la recogida.<\/li>\n<li>Deja tu maleta en la recepci\u00f3n del hotel con el dinero en efectivo dentro, o con el pago realizado a trav\u00e9s de Bizum, transferencia bancaria o PayPal.Recogeremos tu ropa y comprobaremos el pago.<\/li>\n<li>Lavaremos, secaremos, doblaremos y empaquetaremos tu ropa.<\/li>\n<li><strong>Te escribiremos por whatsapp o por correo electr\u00f3nico<\/strong> cuando est\u00e9 lista para su recogida en su hotel.<\/li>\n<\/ol>\n<p><strong>\u00a1Clean! Tendr\u00e1 su ropa limpia en 6 horas.<\/strong><\/p>\n<p>Estamos abiertos de <strong>lunes a domingo, de 9:00 a 21:00,<\/strong> todos los d\u00edas del a\u00f1o.<\/p>\n<\/div><\/div><\/div><\/div><div class=\"wpb_column vc_column_container\"><div class=\"vc_column-inner\"><\/div><\/div><\/div><\/div><\/section><section class=\"l-section wpb_row us_custom_a518f36e txtMd us_animate_this height_medium\"><div class=\"l-section-h i-cf\"><div class=\"g-cols vc_row via_grid cols_1 laptops-cols_inherit tablets-cols_inherit mobiles-cols_1 valign_top type_default stacking_default\"><div class=\"wpb_column vc_column_container\"><div class=\"vc_column-inner\"><div class=\"w-btn-wrapper align_center\"><a class=\"w-btn us-btn-style_1\" href=\"https:\/\/cleaneasybugaderies.com\/es\/a-domicilio\/\"><span class=\"w-btn-label\">Quieres un servicio m\u00e1s econ\u00f3mico con el servicio regular?<\/span><\/a><\/div><\/div><\/div><\/div><\/div><\/section><section class=\"l-section wpb_row dblMd height_auto color_alternate\"><div class=\"l-section-h i-cf\"><div class=\"g-cols vc_row via_grid cols_2 laptops-cols_inherit tablets-cols_inherit mobiles-cols_1 valign_middle type_default stacking_default\" style=\"--gap:0rem;\"><div class=\"wpb_column vc_column_container us_custom_7e20fa79 imgCl us_animate_this\"><div class=\"vc_column-inner\"><div class=\"w-image align_none\"><div class=\"w-image-h\"><img loading=\"lazy\" decoding=\"async\" width=\"1459\" height=\"1459\" src=\"https:\/\/cleaneasybugaderies.com\/wp-content\/uploads\/2026\/02\/atencion-al-cliente--e1772208896630.png\" class=\"attachment-full size-full\" alt=\"Contacte Bugaderia Barcelona\" \/><\/div><\/div><\/div><\/div><div class=\"wpb_column vc_column_container us_custom_47474b22 infCl us_animate_this\"><div class=\"vc_column-inner\"><div class=\"ult-spacer spacer-69d980a109a59\" data-id=\"69d980a109a59\" data-height=\"24\" data-height-mobile=\"24\" data-height-tab=\"24\" data-height-tab-portrait=\"\" data-height-mobile-landscape=\"\" style=\"clear:both;display:block;\"><\/div><div class=\"wpb_text_column\"><div class=\"wpb_wrapper\"><h4 style=\"text-align: center;\">\u00bfPor qu\u00e9 elegir nuestro servicio a domicilio?<\/h4>\n<\/div><\/div><div class=\"wpb_text_column\"><div class=\"wpb_wrapper\"><p>&nbsp;<\/p>\n<ul>\n<li><strong>R\u00e1pido y fiable<\/strong>: garantizamos la recogida y entrega dentro del plazo que elijas, ahorr\u00e1ndote tiempo.<\/li>\n<li><strong>Calidad profesional:<\/strong> lavado con detergentes de alta calidad y secado perfecto para tu ropa.<\/li>\n<li><strong>Amplio horario de apertura<\/strong>: horarios flexibles que se adaptan a sus necesidades.<\/li>\n<li><strong>Asequible<\/strong>: desde solo 21 \u20ac + transporte en 48 horas o 55 \u20ac con transporte incluido en 6 horas.<\/li>\n<\/ul>\n<\/div><\/div><div class=\"wpb_text_column\"><div class=\"wpb_wrapper\"><h4 style=\"text-align: center;\">\u00bfD\u00f3nde ofrecemos el servicio?<\/h4>\n<\/div><\/div><div class=\"wpb_text_column\"><div class=\"wpb_wrapper\"><p>Ofrecemos nuestro servicio a domicilio en Hospitalet del Llobregat y en varios barrios de Barcelona, incluyendo <strong>La Bordeta, Sants-Montju\u00efc, Les Corts, Eixample, Sarri\u00e0, Sant Gervasi<\/strong> y otras zonas cercanas. Si tienes alguna pregunta, ponte en <a href=\"\/?page_id=733\" data-mce-href=\"https:\/\/cleaneasybugaderies.com\/es\/contacto\/\">contacto<\/a> con nosotros y te informaremos sobre la disponibilidad en tu barrio, o ll\u00e1manos al <a href=\"tel:0034640113724\" data-mce-href=\"tel:0034640113724\"><strong>0034 640 11 37 24<\/strong><\/a> para obtener m\u00e1s informaci\u00f3n<\/p>\n<\/div><\/div><div class=\"ult-spacer spacer-69d980a10a30b\" data-id=\"69d980a10a30b\" data-height=\"16\" data-height-mobile=\"16\" data-height-tab=\"16\" data-height-tab-portrait=\"\" data-height-mobile-landscape=\"\" style=\"clear:both;display:block;\"><\/div><\/div><\/div><\/div><\/div><\/section><section class=\"l-section wpb_row us_custom_60e9caca us_animate_this height_medium width_custom\" style=\"--site-content-width:800px;\" id=\"cntMd2\"><div class=\"l-section-h i-cf\"><div class=\"g-cols vc_row via_grid cols_1 laptops-cols_inherit tablets-cols_inherit mobiles-cols_1 valign_top type_default stacking_default\"><div class=\"wpb_column vc_column_container\"><div class=\"vc_column-inner\"><div class=\"wpb_text_column us_custom_df5f4c97 has_text_color\"><div class=\"wpb_wrapper\"><h3 style=\"text-align: center;\">Formulario por el Servicio urgente de lavander\u00eda en 6 horas<\/h3>\n<\/div><\/div><div class=\"wpb_text_column\"><div class=\"wpb_wrapper\"><p style=\"text-align: center;\">Utilizaremos tus datos \u00fanicamente para hacer el servicio a domicilio de limpieza, secado y doblado profesional de tu ropa.<\/p>\n<\/div><\/div>\n<div class=\"wpcf7 no-js\" id=\"wpcf7-f1864-o1\" lang=\"es-ES\" dir=\"ltr\" data-wpcf7-id=\"1864\">\n<div class=\"screen-reader-response\"><p role=\"status\" aria-live=\"polite\" aria-atomic=\"true\"><\/p> <ul><\/ul><\/div>\n<form action=\"\/es\/wp-json\/wp\/v2\/pages\/3184#wpcf7-f1864-o1\" method=\"post\" class=\"wpcf7-form init\" aria-label=\"Formulario de contacto\" novalidate=\"novalidate\" data-status=\"init\">\n<fieldset class=\"hidden-fields-container\"><input type=\"hidden\" name=\"_wpcf7\" value=\"1864\" \/><input type=\"hidden\" name=\"_wpcf7_version\" value=\"6.1.5\" \/><input type=\"hidden\" name=\"_wpcf7_locale\" value=\"es_ES\" \/><input type=\"hidden\" name=\"_wpcf7_unit_tag\" value=\"wpcf7-f1864-o1\" \/><input type=\"hidden\" name=\"_wpcf7_container_post\" value=\"0\" \/><input type=\"hidden\" name=\"_wpcf7_posted_data_hash\" value=\"\" \/><input type=\"hidden\" name=\"_wpcf7_recaptcha_response\" value=\"\" \/>\n<\/fieldset>\n<div class=\"half\">\n\t<p><span class=\"wpcf7-form-control-wrap\" data-name=\"your-name\"><input size=\"40\" maxlength=\"400\" class=\"wpcf7-form-control wpcf7-text wpcf7-validates-as-required\" aria-required=\"true\" aria-invalid=\"false\" placeholder=\"Nombre y Apellidos\" value=\"\" type=\"text\" name=\"your-name\" \/><\/span><span class=\"wpcf7-form-control-wrap\" data-name=\"your-phone\"><input size=\"40\" maxlength=\"400\" class=\"wpcf7-form-control wpcf7-tel wpcf7-validates-as-required wpcf7-text wpcf7-validates-as-tel\" aria-required=\"true\" aria-invalid=\"false\" placeholder=\"Tel\u00e9fono\" value=\"\" type=\"tel\" name=\"your-phone\" \/><\/span>\n\t<\/p>\n<\/div>\n<div class=\"inpSct\">\n\t<p><span class=\"wpcf7-form-control-wrap\" data-name=\"your-adres\"><input size=\"40\" maxlength=\"400\" class=\"wpcf7-form-control wpcf7-text wpcf7-validates-as-required\" aria-required=\"true\" aria-invalid=\"false\" placeholder=\"Hotel y num. habitaci\u00f3n\" value=\"\" type=\"text\" name=\"your-adres\" \/><\/span>\n\t<\/p>\n<\/div>\n<div class=\"inpSct\">\n\t<p><span class=\"wpcf7-form-control-wrap\" data-name=\"your-email\"><input size=\"40\" maxlength=\"400\" class=\"wpcf7-form-control wpcf7-email wpcf7-validates-as-required wpcf7-text wpcf7-validates-as-email\" aria-required=\"true\" aria-invalid=\"false\" placeholder=\"Direcci\u00f3n de email\" value=\"\" type=\"email\" name=\"your-email\" \/><\/span>\n\t<\/p>\n<\/div>\n<div class=\"pSct\">\n\t<p>Cu\u00e1l es tu pedido?\n\t<\/p>\n\t<p><span class=\"wpcf7-form-control-wrap\" data-name=\"your-comada\"><textarea cols=\"40\" rows=\"10\" maxlength=\"2000\" class=\"wpcf7-form-control wpcf7-textarea wpcf7-validates-as-required\" aria-required=\"true\" aria-invalid=\"false\" placeholder=\"Descripci\u00f3n\u2026\" name=\"your-comada\"><\/textarea><\/span>\n\t<\/p>\n<\/div>\n<div class=\"pSct\">\n\t<p>\u00bfC\u00faantos litros de ropa quieres limpiar? Recuerda el transporte est\u00e1 incluido\n\t<\/p>\n\t<p><span class=\"wpcf7-form-control-wrap\" data-name=\"your-rentat\"><select class=\"wpcf7-form-control wpcf7-select wpcf7-validates-as-required\" aria-required=\"true\" aria-invalid=\"false\" name=\"your-rentat\"><option value=\"Mochila de espalda hasta 30 litros - 55\u20ac\">Mochila de espalda hasta 30 litros - 55\u20ac<\/option><option value=\"Maleta de viaje hasta 45 litros - 65\u20ac\">Maleta de viaje hasta 45 litros - 65\u20ac<\/option><option value=\"Maleta de facturaci\u00f3n hasta 60 litros - 75\u20ac\">Maleta de facturaci\u00f3n hasta 60 litros - 75\u20ac<\/option><\/select><\/span>\n\t<\/p>\n<\/div>\n<div class=\"pSct\">\n\t<p>Horario de recogida?\n\t<\/p>\n\t<p><span class=\"wpcf7-form-control-wrap\" data-name=\"your-recollida\"><select class=\"wpcf7-form-control wpcf7-select wpcf7-validates-as-required\" aria-required=\"true\" aria-invalid=\"false\" name=\"your-recollida\"><option value=\"Ma\u00f1anas de 9:00 a 11:30\">Ma\u00f1anas de 9:00 a 11:30<\/option><option value=\"Ma\u00f1anas de 11:30 a 14:00\">Ma\u00f1anas de 11:30 a 14:00<\/option><option value=\"Tarde de 14:00 a 17:30\">Tarde de 14:00 a 17:30<\/option><option value=\"Tarde de 17:30 a 20:00\">Tarde de 17:30 a 20:00<\/option><\/select><\/span>\n\t<\/p>\n<\/div>\n<div class=\"pSct\">\n\t<p>Horario de devoluci\u00f3n?\n\t<\/p>\n\t<p><span class=\"wpcf7-form-control-wrap\" data-name=\"your-devolucio\"><select class=\"wpcf7-form-control wpcf7-select wpcf7-validates-as-required\" aria-required=\"true\" aria-invalid=\"false\" name=\"your-devolucio\"><option value=\"Mat\u00ed de 9:00 a 11:30\">Mat\u00ed de 9:00 a 11:30<\/option><option value=\"Mat\u00ed de 11:30 a 14:00\">Mat\u00ed de 11:30 a 14:00<\/option><option value=\"Tarda de 14:00 a 17:30\">Tarda de 14:00 a 17:30<\/option><option value=\"Tarda de 17:30 a 20:00\">Tarda de 17:30 a 20:00<\/option><\/select><\/span>\n\t<\/p>\n<\/div>\n<div class=\"pSct\">\n\t<p>Forma de pago? Efectivo, bizum, transferencia bancaria, PayPal\n\t<\/p>\n\t<p><span class=\"wpcf7-form-control-wrap\" data-name=\"your-msj\"><textarea cols=\"40\" rows=\"10\" maxlength=\"2000\" class=\"wpcf7-form-control wpcf7-textarea wpcf7-validates-as-required\" aria-required=\"true\" aria-invalid=\"false\" placeholder=\"Comentarios\u2026\" name=\"your-msj\"><\/textarea><\/span>\n\t<\/p>\n<\/div>\n<div class=\"legal\">\n\t<p><span class=\"wpcf7-form-control-wrap\" data-name=\"acceptance-645\"><span class=\"wpcf7-form-control wpcf7-acceptance\"><span class=\"wpcf7-list-item\"><label><input type=\"checkbox\" name=\"acceptance-645\" value=\"1\" aria-invalid=\"false\" \/><span class=\"wpcf7-list-item-label\">Acepto las condiciones legales y rebir contenido comercial<\/span><\/label><\/span><\/span><\/span>\n\t<\/p>\n<\/div>\n<div class=\"send\">\n\t<p><input class=\"wpcf7-form-control wpcf7-submit has-spinner\" type=\"submit\" value=\"Enviar mensaje\" \/>\n\t<\/p>\n<\/div>\n<p style=\"margin:0; padding:0; line-height: 0; Height:0;\"><span id=\"wpcf7-69d980a10e095-wrapper\" class=\"wpcf7-form-control-wrap honeypot-781-wrap\" style=\"display:none !important; visibility:hidden !important;\"><label for=\"hddn-form\" class=\"hp-message\">Por favor, deja este campo vac\u00edo.<\/label><input id=\"hddn-form\"  class=\"wpcf7-form-control wpcf7-text\" type=\"text\" name=\"honeypot-781\" value=\"\" size=\"40\" tabindex=\"-1\" autocomplete=\"new-password\" \/><\/span>\n<\/p><div class=\"wpcf7-response-output\" aria-hidden=\"true\"><\/div>\n<\/form>\n<\/div>\n<\/div><\/div><\/div><\/div><\/section><section class=\"l-section wpb_row us_custom_8f2ba1f4 us_animate_this height_auto\" id=\"tcaMd\"><div class=\"l-section-overlay\" style=\"background:#7AB9D6\"><\/div><div class=\"l-section-h i-cf\"><div class=\"g-cols vc_row via_grid cols_1 laptops-cols_inherit tablets-cols_inherit mobiles-cols_1 valign_middle type_default stacking_default\"><div class=\"wpb_column vc_column_container\"><div class=\"vc_column-inner\"><div class=\"ult-spacer spacer-69d980a10e736\" data-id=\"69d980a10e736\" data-height=\"8\" data-height-mobile=\"8\" data-height-tab=\"8\" data-height-tab-portrait=\"\" data-height-mobile-landscape=\"\" style=\"clear:both;display:block;\"><\/div><div class=\"wpb_text_column\"><div class=\"wpb_wrapper\"><p style=\"text-align: center;\"><span style=\"font-size: 18px;\">Si quieres puedes seguirnos en Instagram para conocer informaciones, ofertas y consejos.<\/span><\/p>\n<\/div><\/div><div class=\"ult-spacer spacer-69d980a10e96c\" data-id=\"69d980a10e96c\" data-height=\"8\" data-height-mobile=\"8\" data-height-tab=\"8\" data-height-tab-portrait=\"\" data-height-mobile-landscape=\"\" style=\"clear:both;display:block;\"><\/div><\/div><\/div><\/div><\/div><\/section><section class=\"l-section wpb_row dblMd jove height_small color_alternate\"><div class=\"l-section-h i-cf\"><div class=\"g-cols vc_row via_grid cols_2 laptops-cols_inherit tablets-cols_inherit mobiles-cols_1 valign_top type_default stacking_default\" style=\"--gap:0rem;\"><div class=\"wpb_column vc_column_container us_custom_7e20fa79 imgCl us_animate_this\"><div class=\"vc_column-inner\"><div class=\"w-image align_none\"><div class=\"w-image-h\"><img loading=\"lazy\" decoding=\"async\" width=\"404\" height=\"309\" src=\"https:\/\/cleaneasybugaderies.com\/wp-content\/uploads\/2024\/01\/carnet-jove.png\" class=\"attachment-full size-full\" alt=\"descomptes amb el carnet jove\" srcset=\"https:\/\/cleaneasybugaderies.com\/wp-content\/uploads\/2024\/01\/carnet-jove.png 404w, https:\/\/cleaneasybugaderies.com\/wp-content\/uploads\/2024\/01\/carnet-jove-300x229.png 300w\" sizes=\"auto, (max-width: 404px) 100vw, 404px\" \/><\/div><\/div><\/div><\/div><div class=\"wpb_column vc_column_container us_custom_47474b22 infCl us_animate_this\"><div class=\"vc_column-inner\"><div class=\"wpb_text_column\"><div class=\"wpb_wrapper\"><h3>Descuentos especiales con el carnet jove, +65 a\u00f1os\u2026 ll\u00e1manos e inf\u00f3rmate<\/h3>\n<\/div><\/div><div class=\"wpb_text_column\"><div class=\"wpb_wrapper\"><p>Solicita los <strong>descuentos especiales<\/strong> en el servicio a domicilio con el <strong>formulario<\/strong>, al mail <strong>clean.easy.bugaderies@gmail.com <\/strong>o llamando al <a href=\"tel:0034640113724\">640 11 37 24<\/a> <\/p>\n<\/div><\/div><\/div><\/div><\/div><\/div><\/section><section class=\"l-section wpb_row us_custom_a518f36e txtMd us_animate_this height_medium\"><div class=\"l-section-h i-cf\"><div class=\"g-cols vc_row via_grid cols_1 laptops-cols_inherit tablets-cols_inherit mobiles-cols_1 valign_middle type_default stacking_default\"><div class=\"wpb_column vc_column_container\"><div class=\"vc_column-inner\"><div class=\"w-btn-wrapper align_center\"><a class=\"w-btn us-btn-style_1\" href=\"https:\/\/cleaneasybugaderies.com\/es\/precios\/\"><span class=\"w-btn-label\">\u00bfQuieres conocer nuestros precios?<\/span><\/a><\/div><\/div><\/div><\/div><\/div><\/section><section class=\"l-section wpb_row height_small\" id=\"bnrMd\"><div class=\"l-section-h i-cf\"><div class=\"g-cols vc_row via_grid cols_3 laptops-cols_inherit tablets-cols_inherit mobiles-cols_1 valign_top type_default stacking_default\" style=\"--gap:8px;\"><div class=\"wpb_column vc_column_container us_custom_60e9caca us_animate_this\"><div class=\"vc_column-inner\"><div class=\"w-ibanner us_custom_eb849559 animation_caeros ratio_2x1 easing_ease\"><div class=\"w-ibanner-h\"><div class=\"w-ibanner-image\" style=\"background-image: url(https:\/\/cleaneasybugaderies.com\/wp-content\/uploads\/2024\/01\/Consells-img.jpg)\"><\/div><div class=\"w-ibanner-content\"><div class=\"w-ibanner-content-h\"><h5 class=\"w-ibanner-title\">Consejos<\/h5><div class=\"w-ibanner-desc\"><\/div><\/div><\/div><\/div><a href=\"consejos\" aria-label=\"Consejos\"><\/a><\/div><\/div><\/div><div class=\"wpb_column vc_column_container us_custom_de366d1c us_animate_this\"><div class=\"vc_column-inner\"><div class=\"w-ibanner us_custom_eb849559 animation_caeros ratio_2x1 easing_ease\"><div class=\"w-ibanner-h\"><div class=\"w-ibanner-image\" style=\"background-image: url(https:\/\/cleaneasybugaderies.com\/wp-content\/uploads\/2024\/01\/Responsabilitat-Social-Corporativa-img.jpg)\"><\/div><div class=\"w-ibanner-content\"><div class=\"w-ibanner-content-h\"><h5 class=\"w-ibanner-title\">Responsabilidad Social Corporativa<\/h5><div class=\"w-ibanner-desc\"><\/div><\/div><\/div><\/div><a href=\"https:\/\/cleaneasybugaderies.com\/es\/responsabilidad-social-corporativa\/\" aria-label=\"Responsabilidad Social Corporativa\"><\/a><\/div><\/div><\/div><div class=\"wpb_column vc_column_container us_custom_8c71efed us_animate_this\"><div class=\"vc_column-inner\"><div class=\"w-ibanner us_custom_eb849559 animation_caeros ratio_2x1 easing_ease\"><div class=\"w-ibanner-h\"><div class=\"w-ibanner-image\" style=\"background-image: url(https:\/\/cleaneasybugaderies.com\/wp-content\/uploads\/2026\/02\/correo-electronico-ancho-1024x424.png)\"><\/div><div class=\"w-ibanner-content\"><div class=\"w-ibanner-content-h\"><h5 class=\"w-ibanner-title\">Preguntas frecuentes<\/h5><div class=\"w-ibanner-desc\"><\/div><\/div><\/div><\/div><a href=\"preg\" aria-label=\"Preguntas frecuentes\"><\/a><\/div><\/div><\/div><\/div><\/div><\/section><section class=\"l-section wpb_row height_medium\"><div class=\"l-section-h i-cf\"><div class=\"g-cols vc_row via_grid cols_1 laptops-cols_inherit tablets-cols_inherit mobiles-cols_1 valign_top type_default stacking_default\"><div class=\"wpb_column vc_column_container\"><div class=\"vc_column-inner\"><div class=\"wpb_text_column\"><div class=\"wpb_wrapper\"><\/div><\/div><\/div><\/div><\/div><\/div><\/section>\n","protected":false},"excerpt":{"rendered":"Lavander\u00eda a domicilio urgente Desde 55 \u20ac: lavado, secado y doblado en Barcelona Lavander\u00eda a domicilio urgente Desde 55 \u20ac: lavado, secado y doblado en Barcelona Lavander\u00eda industrial para tu ropa dom\u00e9stica. Simplifica tu vida con nuestros servicios de lavander\u00eda a domicilio en Barcelona y Hospitalet del Llobregat. Servicio express en 6h Recogida expressServicio urgente...","protected":false},"author":2,"featured_media":0,"parent":0,"menu_order":0,"comment_status":"closed","ping_status":"closed","template":"","meta":{"_uf_show_specific_survey":0,"_uf_disable_surveys":false,"footnotes":""},"class_list":["post-3184","page","type-page","status-publish","hentry"],"aioseo_notices":[],"_links":{"self":[{"href":"https:\/\/cleaneasybugaderies.com\/es\/wp-json\/wp\/v2\/pages\/3184","targetHints":{"allow":["GET"]}}],"collection":[{"href":"https:\/\/cleaneasybugaderies.com\/es\/wp-json\/wp\/v2\/pages"}],"about":[{"href":"https:\/\/cleaneasybugaderies.com\/es\/wp-json\/wp\/v2\/types\/page"}],"author":[{"embeddable":true,"href":"https:\/\/cleaneasybugaderies.com\/es\/wp-json\/wp\/v2\/users\/2"}],"replies":[{"embeddable":true,"href":"https:\/\/cleaneasybugaderies.com\/es\/wp-json\/wp\/v2\/comments?post=3184"}],"version-history":[{"count":28,"href":"https:\/\/cleaneasybugaderies.com\/es\/wp-json\/wp\/v2\/pages\/3184\/revisions"}],"predecessor-version":[{"id":4179,"href":"https:\/\/cleaneasybugaderies.com\/es\/wp-json\/wp\/v2\/pages\/3184\/revisions\/4179"}],"wp:attachment":[{"href":"https:\/\/cleaneasybugaderies.com\/es\/wp-json\/wp\/v2\/media?parent=3184"}],"curies":[{"name":"wp","href":"https:\/\/api.w.org\/{rel}","templated":true}]}}