{"id":3845,"date":"2024-01-10T18:04:22","date_gmt":"2024-01-10T16:04:22","guid":{"rendered":"https:\/\/cleaneasybugaderies.com\/privacy-policy\/"},"modified":"2026-03-01T11:42:16","modified_gmt":"2026-03-01T09:42:16","slug":"privacy-policy","status":"publish","type":"page","link":"https:\/\/cleaneasybugaderies.com\/en\/privacy-policy\/","title":{"rendered":"Privacy Policy"},"content":{"rendered":"<p>&#8211;<section class=\"l-section wpb_row us_custom_4f24afa8 height_medium\"><div class=\"l-section-h i-cf\"><div class=\"g-cols vc_row via_grid cols_1 laptops-cols_inherit tablets-cols_inherit mobiles-cols_1 valign_top type_default stacking_default\"><div class=\"wpb_column vc_column_container\"><div class=\"vc_column-inner\"><div class=\"wpb_text_column\"><div class=\"wpb_wrapper\"><p>&#13;<\/p>\n<h1 class=\"wp-block-heading\">Privacy Policy<\/h1>\n<p>&#13;<\/p>\n<\/div><\/div><div class=\"wpb_text_column\"><div class=\"wpb_wrapper\"><p>&#13;<\/p>\n<h4>1. Data controller<\/h4>\n<p>&#13;<\/p>\n<p>De conformitat amb el que es disposa en el Reglament (UE) 2016\/679 (RGPD) i la Llei org\u00e0nica<br \/>3\/2018 de Protecci\u00f3 de Dades Personals i garantia dels drets digitals<br \/>(*LOPDGDD), s&#8217;informa que:<br \/>Responsable del tractament: Enric Palau Gil (*Clean&amp;*Easy La *Bugaderia del *Barri)<br \/>CIF: 53635114B<br \/>Domicili: *Carrer Riera d\u2019*Horta, 39 4t 1a, Barcelona<br \/>Activitat: Bugaderia autoservei i bugaderia a domicili<br \/>Email: clean.easy.bugaderies@gmail.com<br \/>Web: https:\/\/www.cleaneasybugaderies.com<br \/>*Clean&amp;*Easy garanteix que s&#8217;han aplicat les mesures t\u00e8cniques i organitzatives necess\u00e0ries<br \/>per a garantir la seguretat de les dades personals conforme al RGPD.<br \/>La present Pol\u00edtica de Privacitat ser\u00e0 v\u00e0lida \u00fanicament per a les dades personals<br \/>obtingudes en aquest lloc web i la central de pagament.<\/p>\n<p>&#13;<\/p>\n<h4>2. What is personal data?<\/h4>\n<p>&#13;<\/p>\n<p>Es considera dada personal qualsevol informaci\u00f3 relativa a una persona f\u00edsica identificada<br \/>o identificable, com a nom, correu electr\u00f2nic o dades necess\u00e0ries per a la prestaci\u00f3 del servei.<\/p>\n<p>&#13;<\/p>\n<p>Addicionalment, quan visites el lloc web, determinada informaci\u00f3 s&#8217;emmagatzema<br \/>autom\u00e0ticament per motius t\u00e8cnics, com l&#8217;adre\u00e7a IP.<\/p>\n<p>&#13;<\/p>\n<h4>3. Principles applied to data processing<\/h4>\n<p>&#13;<\/p>\n<p>El tractament de dades personals es realitza conforme als seg\u00fcents principis:<br \/>&#8211; Licitud, lleialtat i transpar\u00e8ncia<br \/>&#8211; Minimitzaci\u00f3 de dades<br \/>&#8211; Limitaci\u00f3 del termini de conservaci\u00f3<br \/>&#8211; Integritat i confidencialitat<\/p>\n<p>&#13;<\/p>\n<h4>4. Purpose of processing<\/h4>\n<p>&#13;<\/p>\n<p>Les dades personals recaptades a trav\u00e9s del lloc web seran utilitzats per a:<br \/>&#8211; Respondre consultes realitzades mitjan\u00e7ant formularis de contacte.<br \/>&#8211; Gestionar sol\u00b7licituds de serveis.<br \/>&#8211; Millorar l&#8217;experi\u00e8ncia de l&#8217;usuari.<br \/>&#8211; Complir obligacions legals aplicables.<br \/>Les dades no seran cedits a tercers excepte obligaci\u00f3 legal o quan sigui necessari per a la<br \/>prestaci\u00f3 del servei.<\/p>\n<p>&#13;<\/p>\n<h4>5. Legitimacy<\/h4>\n<p>&#13;<\/p>\n<p>La base legal per al tractament de dades \u00e9s el consentiment de l&#8217;usuari en acceptar la<br \/>present pol\u00edtica de privacitat i enviar les seves dades mitjan\u00e7ant formularis.<\/p>\n<p>&#13;<\/p>\n<h4>6. Category of data<\/h4>\n<p>&#13;<\/p>\n<p>Les dades tractades s\u00f3n identificatius i de contacte. No es tracten categories especials de<br \/>dades.<\/p>\n<p>&#13;<\/p>\n<h4>7. Retention period<\/h4>\n<p>&#13;<\/p>\n<p>Les dades es conservaran durant el temps necessari per a complir la finalitat per a la qual<br \/>van ser recaptats o mentre existeixi una obligaci\u00f3 legal.<\/p>\n<p>&#13;<\/p>\n<h4>8. Security measures<\/h4>\n<p>&#13;<\/p>\n<p>*Clean&amp;*Easy ha adoptat les mesures t\u00e8cniques i organitzatives necess\u00e0ries per a garantir la<br \/>seguretat de les dades personals i evitar la seva alteraci\u00f3, p\u00e8rdua o acc\u00e9s no autoritzat.<\/p>\n<p>&#13;<\/p>\n<h4>9. Exercise of rights<\/h4>\n<p>&#13;<\/p>\n<p>L&#8217;usuari podr\u00e0 exercir els seus drets d&#8217;acc\u00e9s, rectificaci\u00f3, supressi\u00f3, oposici\u00f3,<br \/>limitaci\u00f3 i portabilitat mitjan\u00e7ant sol\u00b7licitud escrita a:<br \/>Enric Palau Gil<br \/>*Carrer Riera d\u2019*Horta, 39 4t 1a, Barcelona<br \/>o mitjan\u00e7ant correu electr\u00f2nic a: clean.easy.bugaderies@gmail.com<\/p>\n<p>&#13;<\/p>\n<h4>10. Data controllers and third-party services<\/h4>\n<p>&#13;<\/p>\n<p>Per al desenvolupament de l&#8217;activitat s&#8217;utilitzen serveis de tercers que poden tractar dades<br \/>com a encarregats del tractament:<br \/>&#8211; *Hosting i plataforma web: Google *Sites i *wordpress<br \/>&#8211; Serveis anal\u00edtics: Google *Analytics<\/p>\n<p>&#13;<\/p>\n<h4>11. Sistemes de captura de dades personals<\/h4>\n<p>&#13;<\/p>\n<p>El lloc web disposa de:<br \/>&#8211; Formularis de contacte.<br \/>&#8211; Cookies t\u00e8cniques i anal\u00edtiques.<br \/>&#8211; Sistemes d&#8217;an\u00e0lisis de navegaci\u00f3 (Google *Analytics).<br \/>\u00das de *reCAPTCHA<br \/>Aquesta web utilitza el servei *reCAPTCHA de Google amb la finalitat de prevenir l&#8217;enviament<br \/>automatitzat de formularis i garantir la seguretat del lloc web. L&#8217;\u00fas de *reCAPTCHA<br \/>pot implicar el tractament de dades t\u00e8cniques com l&#8217;adre\u00e7a IP o informaci\u00f3 del dispositiu<br \/>de l&#8217;usuari. Google actua com a encarregat del tractament de dades i<br \/>\u00fanicament processa la informaci\u00f3 per a la prestaci\u00f3 del servei.<\/p>\n<p>&#13;<\/p>\n<h4>12. Modification of the privacy policy<\/h4>\n<p>&#13;<\/p>\n<p>*Clean&amp;*Easy es reserva el dret a modificar la present pol\u00edtica per a adaptar-la a<br \/>novetats legislatives o jurisprudencials.<\/p>\n<p>&#13;<\/p>\n<\/div><\/div><\/div><\/div><\/div><\/div><\/section>","protected":false},"excerpt":{"rendered":"<p>&#8211;<\/p>\n","protected":false},"author":1,"featured_media":0,"parent":0,"menu_order":0,"comment_status":"closed","ping_status":"open","template":"","meta":{"_uf_show_specific_survey":0,"_uf_disable_surveys":false,"footnotes":""},"class_list":["post-3845","page","type-page","status-publish","hentry"],"aioseo_notices":[],"_links":{"self":[{"href":"https:\/\/cleaneasybugaderies.com\/en\/wp-json\/wp\/v2\/pages\/3845","targetHints":{"allow":["GET"]}}],"collection":[{"href":"https:\/\/cleaneasybugaderies.com\/en\/wp-json\/wp\/v2\/pages"}],"about":[{"href":"https:\/\/cleaneasybugaderies.com\/en\/wp-json\/wp\/v2\/types\/page"}],"author":[{"embeddable":true,"href":"https:\/\/cleaneasybugaderies.com\/en\/wp-json\/wp\/v2\/users\/1"}],"replies":[{"embeddable":true,"href":"https:\/\/cleaneasybugaderies.com\/en\/wp-json\/wp\/v2\/comments?post=3845"}],"version-history":[{"count":1,"href":"https:\/\/cleaneasybugaderies.com\/en\/wp-json\/wp\/v2\/pages\/3845\/revisions"}],"predecessor-version":[{"id":3846,"href":"https:\/\/cleaneasybugaderies.com\/en\/wp-json\/wp\/v2\/pages\/3845\/revisions\/3846"}],"wp:attachment":[{"href":"https:\/\/cleaneasybugaderies.com\/en\/wp-json\/wp\/v2\/media?parent=3845"}],"curies":[{"name":"wp","href":"https:\/\/api.w.org\/{rel}","templated":true}]}}