{"id":3183,"date":"2026-02-27T12:50:34","date_gmt":"2026-02-27T10:50:34","guid":{"rendered":"https:\/\/cleaneasybugaderies.com\/?page_id=3183"},"modified":"2026-03-20T18:30:14","modified_gmt":"2026-03-20T16:30:14","slug":"delivery-service-3","status":"publish","type":"page","link":"https:\/\/cleaneasybugaderies.com\/en\/delivery-service-3\/","title":{"rendered":"Delivery Service express 6h"},"content":{"rendered":"<section class=\"l-section wpb_row inrHd hdMd hide_on_tablets hide_on_mobiles height_small\" id=\"sldMd\"><div class=\"l-section-h i-cf\"><div class=\"g-cols vc_row via_grid cols_1 laptops-cols_inherit tablets-cols_inherit mobiles-cols_1 valign_top type_default stacking_default\"><div class=\"wpb_column vc_column_container hide_on_mobiles\"><div class=\"vc_column-inner\"><div class=\"w-vwrapper us_custom_2756c131 align_none valign_bottom\" style=\"--vwrapper-gap:0rem\"><div class=\"wpb_text_column us_custom_4a593b65 us_animate_this\"><div class=\"wpb_wrapper\"><h1>Express delivery service<\/h1>\n<\/div><\/div><div class=\"wpb_text_column us_custom_a518f36e us_animate_this\"><div class=\"wpb_wrapper\"><h2>From 55\u20ac: wash, dry and fold in Barcelona<\/h2>\n<\/div><\/div><\/div><\/div><\/div><\/div><\/div><\/section><section class=\"l-section wpb_row inrHd hdMd hide_on_default hide_on_laptops height_small\" id=\"sldMd\"><div class=\"l-section-h i-cf\"><div class=\"g-cols vc_row via_grid cols_1 laptops-cols_inherit tablets-cols_inherit mobiles-cols_1 valign_top type_default stacking_default\"><div class=\"wpb_column vc_column_container hide_on_default\"><div class=\"vc_column-inner\"><div class=\"w-vwrapper us_custom_c7073201 align_center valign_middle\" style=\"--vwrapper-gap:0rem\"><div class=\"wpb_text_column us_custom_4a593b65 us_animate_this\"><div class=\"wpb_wrapper\"><h1 style=\"text-align: center;\">Express delivery service<\/h1>\n<\/div><\/div><div class=\"wpb_text_column us_custom_a518f36e us_animate_this\"><div class=\"wpb_wrapper\"><h2>From 55\u20ac: wash, dry and fold in Barcelona<\/h2>\n<\/div><\/div><\/div><\/div><\/div><\/div><\/div><\/section><section class=\"l-section wpb_row txtMd height_medium\"><div class=\"l-section-h i-cf\"><div class=\"g-cols vc_row via_grid cols_1 laptops-cols_inherit tablets-cols_inherit mobiles-cols_1 valign_top type_default stacking_default\"><div class=\"wpb_column vc_column_container\"><div class=\"vc_column-inner\"><div class=\"wpb_text_column\"><div class=\"wpb_wrapper\"><h3 style=\"text-align: center;\">Industrial laundry for your household clothes<\/h3>\n<\/div><\/div><div class=\"wpb_text_column\"><div class=\"wpb_wrapper\"><p style=\"text-align: center;\">Simplify your life with our local laundry services in Barcelona and Hospitalet del Llobregat.<\/p>\n<\/div><\/div><\/div><\/div><\/div><\/div><\/section><section class=\"l-section wpb_row dblMd hide_on_default hide_on_laptops height_auto color_alternate\"><div class=\"l-section-h i-cf\"><div class=\"g-cols vc_row via_grid cols_1 laptops-cols_inherit tablets-cols_inherit mobiles-cols_1 valign_top type_default stacking_default\" style=\"--gap:0rem;\"><div class=\"wpb_column vc_column_container us_custom_47474b22 infCl us_animate_this\"><div class=\"vc_column-inner\"><div class=\"wpb_text_column\"><div class=\"wpb_wrapper\"><h4 style=\"text-align: center;\">Express service in 6 hours<\/h4>\n<\/div><\/div><div class=\"w-btn-wrapper align_center\"><a class=\"w-btn us-btn-style_1 icon_atleft\" href=\"#cntMd2\"><i class=\"fas fa-bolt\"><\/i><span class=\"w-btn-label\">Express pickup<\/span><\/a><\/div><\/div><\/div><\/div><\/div><\/section><section class=\"l-section wpb_row txtMd height_medium\"><div class=\"l-section-h i-cf\"><div class=\"g-cols vc_row via_grid cols_1-4-1 laptops-cols_inherit tablets-cols_inherit mobiles-cols_1 valign_top type_default stacking_default\"><div class=\"wpb_column vc_column_container\"><div class=\"vc_column-inner\"><\/div><\/div><div class=\"wpb_column vc_column_container\" id=\"Express\"><div class=\"vc_column-inner\"><div class=\"w-ibanner animation_soter ratio_2x1 easing_ease\"><div class=\"w-ibanner-h\"><div class=\"w-ibanner-image\" style=\"background-image: url(https:\/\/cleaneasybugaderies.com\/wp-content\/uploads\/2025\/07\/logo-moto.png)\"><\/div><div class=\"w-ibanner-content\"><div class=\"w-ibanner-content-h\"><h3 class=\"w-ibanner-title\">Express laundry service in 6h<\/h3><div class=\"w-ibanner-desc\"><p>From only \u20ac55 (Transport included)<\/p>\n<\/div><\/div><\/div><\/div><a href=\"#cntMd2\" aria-label=\"Express laundry service in 6h\"><\/a><\/div><div class=\"wpb_text_column\"><div class=\"wpb_wrapper\"><p>This <strong>urgent six-hour laundry service<\/strong> is specially designed <strong>for visitors to Barcelona,<\/strong> allowing you to leave with your clothes clean. Enjoy the <strong>Sagrada Familia, Casa Batll\u00f3, Pla\u00e7a Catalunya, the Ramblas or Park G\u00fcell while we do your laundry.<\/strong> We collect, wash, dry and deliver your clean, folded clothes in just <strong>6 hours.<\/strong> We do not offer dry cleaning or ironing services.<\/p>\n<p>With prices from just <strong>\u20ac55 (transport<\/strong> <strong>included)<\/strong> and various payment methods: cash, Bizum, bank transfer or PayPal. Enjoy a convenient and fast service at all hotels, hostels and guesthouses in <strong>Barcelona and L&#8217;Hospitalet de Llobregat.<\/strong> Ideal for tourists and short-stay workers seeking quality and efficiency.<\/p>\n<\/div><\/div><div class=\"ult-spacer spacer-69d9805d2f39e\" data-id=\"69d9805d2f39e\" data-height=\"\" data-height-mobile=\"\" data-height-tab=\"\" data-height-tab-portrait=\"\" data-height-mobile-landscape=\"\" style=\"clear:both;display:block;\"><\/div><div class=\"wpb_text_column\"><div class=\"wpb_wrapper\"><h4 style=\"text-align: center;\">How much laundry fits in the washing machine?<\/h4>\n<\/div><\/div><div class=\"wpb_text_column\"><div class=\"wpb_wrapper\"><p>Our washing machines have a capacity of 3 sizes:<\/p>\n<ul>\n<li>Backpack up to 40x20x30cm<\/li>\n<li>Carry-on suitcase up to 55x40x20xcm<\/li>\n<li>Check-in suitcase up to 75x50x33 xm<\/li>\n<\/ul>\n<p>We will collect your suitcase and return it with your clothes clean and folded inside.<\/p>\n<p>If you wish to<strong> separate by colour,<\/strong> you will need to choose two bags.<\/p>\n<\/div><\/div><div class=\"ult-spacer spacer-69d9805d2f798\" data-id=\"69d9805d2f798\" data-height=\"\" data-height-mobile=\"\" data-height-tab=\"\" data-height-tab-portrait=\"\" data-height-mobile-landscape=\"\" style=\"clear:both;display:block;\"><\/div><div class=\"wpb_text_column\"><div class=\"wpb_wrapper\"><h4 style=\"text-align: center;\">How to request the urgent laundry service?<\/h4>\n<\/div><\/div><div class=\"wpb_text_column\"><div class=\"wpb_wrapper\"><ol>\n<li><strong>Fill in the <a href=\"#cntMd2\">6-hour form<\/a><\/strong> or call us on <strong><a href=\"tel:0034640113724\">0034 640 11 37 24<\/a>.<\/strong> We also use WhatsApp.<\/li>\n<li><strong>We will write to you to confirm the collection.<\/strong><\/li>\n<li><strong>Leave your suitcase<\/strong> at your hotel <strong>reception with the cash inside, or with payment made via Bizum, bank transfer, or PayPal.<\/strong><\/li>\n<li>We will collect your clothes and check the payment.<\/li>\n<li>We will wash, dry, fold and pack your clothes.<\/li>\n<li><strong>We will text you or email<\/strong> you when it is ready for collection at your hotel.<\/li>\n<\/ol>\n<p><strong>Clean! Your clothes will be clean in 6 hours.<\/strong><\/p>\n<p>The opening hours are<strong> Monday to Sunday, 9 am to 9 pm<\/strong>, every day of the year.<\/p>\n<\/div><\/div><\/div><\/div><div class=\"wpb_column vc_column_container\"><div class=\"vc_column-inner\"><\/div><\/div><\/div><\/div><\/section><section class=\"l-section wpb_row us_custom_a518f36e txtMd us_animate_this height_medium\"><div class=\"l-section-h i-cf\"><div class=\"g-cols vc_row via_grid cols_1 laptops-cols_inherit tablets-cols_inherit mobiles-cols_1 valign_top type_default stacking_default\"><div class=\"wpb_column vc_column_container\"><div class=\"vc_column-inner\"><div class=\"w-btn-wrapper align_center\"><a class=\"w-btn us-btn-style_1\" href=\"https:\/\/cleaneasybugaderies.com\/en\/delivery-service\/\"><span class=\"w-btn-label\">Would you like a cheaper service in 48h?<\/span><\/a><\/div><\/div><\/div><\/div><\/div><\/section><section class=\"l-section wpb_row dblMd height_auto color_alternate\"><div class=\"l-section-h i-cf\"><div class=\"g-cols vc_row via_grid cols_2 laptops-cols_inherit tablets-cols_inherit mobiles-cols_1 valign_middle type_default stacking_default\" style=\"--gap:0rem;\"><div class=\"wpb_column vc_column_container us_custom_7e20fa79 imgCl us_animate_this\"><div class=\"vc_column-inner\"><div class=\"w-image align_none\"><div class=\"w-image-h\"><img loading=\"lazy\" decoding=\"async\" width=\"1459\" height=\"1459\" src=\"https:\/\/cleaneasybugaderies.com\/wp-content\/uploads\/2026\/02\/atencion-al-cliente--e1772208896630.png\" class=\"attachment-full size-full\" alt=\"Contacte Bugaderia Barcelona\" \/><\/div><\/div><\/div><\/div><div class=\"wpb_column vc_column_container us_custom_47474b22 infCl us_animate_this\"><div class=\"vc_column-inner\"><div class=\"ult-spacer spacer-69d9805d31588\" data-id=\"69d9805d31588\" data-height=\"24\" data-height-mobile=\"24\" data-height-tab=\"24\" data-height-tab-portrait=\"\" data-height-mobile-landscape=\"\" style=\"clear:both;display:block;\"><\/div><div class=\"wpb_text_column\"><div class=\"wpb_wrapper\"><h4 style=\"text-align: center;\">Why choose our home service?<\/h4>\n<\/div><\/div><div class=\"wpb_text_column\"><div class=\"wpb_wrapper\"><ul>\n<li><strong>Fast and reliable<\/strong>: We guarantee collection and delivery within your chosen timeframe, saving you time.<\/li>\n<li><strong>Professional quality<\/strong>: Washed with high-quality detergents and dried to perfection for your clothes.<\/li>\n<li><strong>Extensive opening hours:<\/strong> Flexible timings to suit your needs.<\/li>\n<li><strong>Affordable<\/strong>: From just \u20ac21 + transport in 48 hours or \u20ac55 with transport included in 6 hours.<\/li>\n<\/ul>\n<\/div><\/div><div class=\"wpb_text_column\"><div class=\"wpb_wrapper\"><h4 style=\"text-align: center;\">Where do we offer the service?<\/h4>\n<\/div><\/div><div class=\"wpb_text_column\"><div class=\"wpb_wrapper\"><p>We offer our home service in Hospitalet del Llobregat and various neighbourhoods of <strong>Barcelona, including La Bordeta, Sants-Montju\u00efc, Les Corts, Eixample, Sarri\u00e0, Sant Gervasi<\/strong> and other nearby areas. If you have any questions, please contact us and we will let you know about availability in your neighbourhood, or call us on <a href=\"http:\/\/0034640113724\">0034 640 11 37 24<\/a> for more information.<\/p>\n<\/div><\/div><div class=\"ult-spacer spacer-69d9805d31d2a\" data-id=\"69d9805d31d2a\" data-height=\"16\" data-height-mobile=\"16\" data-height-tab=\"16\" data-height-tab-portrait=\"\" data-height-mobile-landscape=\"\" style=\"clear:both;display:block;\"><\/div><\/div><\/div><\/div><\/div><\/section><section class=\"l-section wpb_row us_custom_60e9caca us_animate_this height_medium width_custom\" style=\"--site-content-width:800px;\" id=\"cntMd2\"><div class=\"l-section-h i-cf\"><div class=\"g-cols vc_row via_grid cols_1 laptops-cols_inherit tablets-cols_inherit mobiles-cols_1 valign_top type_default stacking_default\"><div class=\"wpb_column vc_column_container\"><div class=\"vc_column-inner\"><div class=\"wpb_text_column us_custom_df5f4c97 has_text_color\"><div class=\"wpb_wrapper\"><h3 style=\"text-align: center;\">Form for the urgent laundry service within 6 hours<\/h3>\n<\/div><\/div><div class=\"wpb_text_column\"><div class=\"wpb_wrapper\"><p style=\"text-align: center;\">We will use your data solely to perform the home service of professional cleaning, drying and folding of your clothes.<\/p>\n<\/div><\/div>\n<div class=\"wpcf7 no-js\" id=\"wpcf7-f1863-o1\" lang=\"en-US\" dir=\"ltr\" data-wpcf7-id=\"1863\">\n<div class=\"screen-reader-response\"><p role=\"status\" aria-live=\"polite\" aria-atomic=\"true\"><\/p> <ul><\/ul><\/div>\n<form action=\"\/en\/wp-json\/wp\/v2\/pages\/3183#wpcf7-f1863-o1\" method=\"post\" class=\"wpcf7-form init\" aria-label=\"Contact form\" novalidate=\"novalidate\" data-status=\"init\">\n<fieldset class=\"hidden-fields-container\"><input type=\"hidden\" name=\"_wpcf7\" value=\"1863\" \/><input type=\"hidden\" name=\"_wpcf7_version\" value=\"6.1.5\" \/><input type=\"hidden\" name=\"_wpcf7_locale\" value=\"en_US\" \/><input type=\"hidden\" name=\"_wpcf7_unit_tag\" value=\"wpcf7-f1863-o1\" \/><input type=\"hidden\" name=\"_wpcf7_container_post\" value=\"0\" \/><input type=\"hidden\" name=\"_wpcf7_posted_data_hash\" value=\"\" \/><input type=\"hidden\" name=\"_wpcf7_recaptcha_response\" value=\"\" \/>\n<\/fieldset>\n<div class=\"half\">\n\t<p><span class=\"wpcf7-form-control-wrap\" data-name=\"your-name\"><input size=\"40\" maxlength=\"400\" class=\"wpcf7-form-control wpcf7-text wpcf7-validates-as-required\" aria-required=\"true\" aria-invalid=\"false\" placeholder=\"First and last name\" value=\"\" type=\"text\" name=\"your-name\" \/><\/span><span class=\"wpcf7-form-control-wrap\" data-name=\"your-phone\"><input size=\"40\" maxlength=\"400\" class=\"wpcf7-form-control wpcf7-tel wpcf7-validates-as-required wpcf7-text wpcf7-validates-as-tel\" aria-required=\"true\" aria-invalid=\"false\" placeholder=\"Phone\" value=\"\" type=\"tel\" name=\"your-phone\" \/><\/span>\n\t<\/p>\n<\/div>\n<div class=\"inpSct\">\n\t<p><span class=\"wpcf7-form-control-wrap\" data-name=\"your-adres\"><input size=\"40\" maxlength=\"400\" class=\"wpcf7-form-control wpcf7-text wpcf7-validates-as-required\" aria-required=\"true\" aria-invalid=\"false\" placeholder=\"Hotel and room number\" value=\"\" type=\"text\" name=\"your-adres\" \/><\/span>\n\t<\/p>\n<\/div>\n<div class=\"inpSct\">\n\t<p><span class=\"wpcf7-form-control-wrap\" data-name=\"your-email\"><input size=\"40\" maxlength=\"400\" class=\"wpcf7-form-control wpcf7-email wpcf7-validates-as-required wpcf7-text wpcf7-validates-as-email\" aria-required=\"true\" aria-invalid=\"false\" placeholder=\"email adress\" value=\"\" type=\"email\" name=\"your-email\" \/><\/span>\n\t<\/p>\n<\/div>\n<div class=\"pSct\">\n\t<p>What is your order?\n\t<\/p>\n\t<p><span class=\"wpcf7-form-control-wrap\" data-name=\"your-comada\"><textarea cols=\"40\" rows=\"10\" maxlength=\"2000\" class=\"wpcf7-form-control wpcf7-textarea wpcf7-validates-as-required\" aria-required=\"true\" aria-invalid=\"false\" placeholder=\"Description\u2026\" name=\"your-comada\"><\/textarea><\/span>\n\t<\/p>\n<\/div>\n<div class=\"pSct\">\n\t<p>How many liters of clothes do you want to wash? Remember the transport is included\n\t<\/p>\n\t<p><span class=\"wpcf7-form-control-wrap\" data-name=\"your-rentat\"><select class=\"wpcf7-form-control wpcf7-select wpcf7-validates-as-required\" aria-required=\"true\" aria-invalid=\"false\" name=\"your-rentat\"><option value=\"Bagpack until 30 liters - 55\u20ac\">Bagpack until 30 liters - 55\u20ac<\/option><option value=\"Carry-on suitcase until 45 liters - 65\u20ac\">Carry-on suitcase until 45 liters - 65\u20ac<\/option><option value=\"Checked-in suitcase until 60 litres - 75\u20ac\">Checked-in suitcase until 60 litres - 75\u20ac<\/option><\/select><\/span>\n\t<\/p>\n<\/div>\n<div class=\"pSct\">\n\t<p>Pick up time?\n\t<\/p>\n\t<p><span class=\"wpcf7-form-control-wrap\" data-name=\"your-recollida\"><select class=\"wpcf7-form-control wpcf7-select wpcf7-validates-as-required\" aria-required=\"true\" aria-invalid=\"false\" name=\"your-recollida\"><option value=\"Morning from 9:00 to 11:30\">Morning from 9:00 to 11:30<\/option><option value=\"Morning from 11:30 to 14:00\">Morning from 11:30 to 14:00<\/option><option value=\"Afternoon from 14:00 to 17:30\">Afternoon from 14:00 to 17:30<\/option><option value=\"Afternoon from 17:30 to 21:00\">Afternoon from 17:30 to 21:00<\/option><option value=\"\"><\/option><\/select><\/span>\n\t<\/p>\n<\/div>\n<div class=\"pSct\">\n\t<p>Return schedule?\n\t<\/p>\n\t<p><span class=\"wpcf7-form-control-wrap\" data-name=\"your-devolucio\"><select class=\"wpcf7-form-control wpcf7-select wpcf7-validates-as-required\" aria-required=\"true\" aria-invalid=\"false\" name=\"your-devolucio\"><option value=\"Morning from 9:00 to 11:30\">Morning from 9:00 to 11:30<\/option><option value=\"Morning from 11:30 to 14:00\">Morning from 11:30 to 14:00<\/option><option value=\"Afternoon from 14:00 to 17:30\">Afternoon from 14:00 to 17:30<\/option><option value=\"Afternoon from 17:30 to 21:00\">Afternoon from 17:30 to 21:00<\/option><option value=\"\"><\/option><\/select><\/span>\n\t<\/p>\n<\/div>\n<div class=\"pSct\">\n\t<p>Payment form? Cash, bizum, bank transfer or PayPal\n\t<\/p>\n\t<p><span class=\"wpcf7-form-control-wrap\" data-name=\"your-msj\"><textarea cols=\"40\" rows=\"10\" maxlength=\"2000\" class=\"wpcf7-form-control wpcf7-textarea wpcf7-validates-as-required\" aria-required=\"true\" aria-invalid=\"false\" placeholder=\"Coments\u2026\" name=\"your-msj\"><\/textarea><\/span>\n\t<\/p>\n<\/div>\n<div class=\"legal\">\n\t<p><span class=\"wpcf7-form-control-wrap\" data-name=\"acceptance-645\"><span class=\"wpcf7-form-control wpcf7-acceptance\"><span class=\"wpcf7-list-item\"><label><input type=\"checkbox\" name=\"acceptance-645\" value=\"1\" aria-invalid=\"false\" \/><span class=\"wpcf7-list-item-label\">Accept the legal conditions and received commercial content<\/span><\/label><\/span><\/span><\/span>\n\t<\/p>\n<\/div>\n<div class=\"send\">\n\t<p><input class=\"wpcf7-form-control wpcf7-submit has-spinner\" type=\"submit\" value=\"Send message\" \/>\n\t<\/p>\n<\/div>\n<p style=\"margin:0; padding:0; line-height: 0; Height:0;\"><span id=\"wpcf7-69d9805d3588d-wrapper\" class=\"wpcf7-form-control-wrap honeypot-781-wrap\" style=\"display:none !important; visibility:hidden !important;\"><label for=\"hddn-form\" class=\"hp-message\">Please leave this field empty.<\/label><input id=\"hddn-form\"  class=\"wpcf7-form-control wpcf7-text\" type=\"text\" name=\"honeypot-781\" value=\"\" size=\"40\" tabindex=\"-1\" autocomplete=\"new-password\" \/><\/span>\n<\/p><div class=\"wpcf7-response-output\" aria-hidden=\"true\"><\/div>\n<\/form>\n<\/div>\n<\/div><\/div><\/div><\/div><\/section><section class=\"l-section wpb_row us_custom_8f2ba1f4 us_animate_this height_auto\" id=\"tcaMd\"><div class=\"l-section-overlay\" style=\"background:#7AB9D6\"><\/div><div class=\"l-section-h i-cf\"><div class=\"g-cols vc_row via_grid cols_1 laptops-cols_inherit tablets-cols_inherit mobiles-cols_1 valign_middle type_default stacking_default\"><div class=\"wpb_column vc_column_container\"><div class=\"vc_column-inner\"><div class=\"ult-spacer spacer-69d9805d3608b\" data-id=\"69d9805d3608b\" data-height=\"8\" data-height-mobile=\"8\" data-height-tab=\"8\" data-height-tab-portrait=\"\" data-height-mobile-landscape=\"\" style=\"clear:both;display:block;\"><\/div><div class=\"wpb_text_column\"><div class=\"wpb_wrapper\"><p style=\"text-align: center;\"><span style=\"font-size: 18px;\">If you want, you can follow us on Instagram for information, offers and advice.<\/span><\/p>\n<\/div><\/div><div class=\"ult-spacer spacer-69d9805d3633a\" data-id=\"69d9805d3633a\" data-height=\"8\" data-height-mobile=\"8\" data-height-tab=\"8\" data-height-tab-portrait=\"\" data-height-mobile-landscape=\"\" style=\"clear:both;display:block;\"><\/div><\/div><\/div><\/div><\/div><\/section><section class=\"l-section wpb_row dblMd jove height_small color_alternate\"><div class=\"l-section-h i-cf\"><div class=\"g-cols vc_row via_grid cols_2 laptops-cols_inherit tablets-cols_inherit mobiles-cols_1 valign_top type_default stacking_default\" style=\"--gap:0rem;\"><div class=\"wpb_column vc_column_container us_custom_7e20fa79 imgCl us_animate_this\"><div class=\"vc_column-inner\"><div class=\"w-image align_none\"><div class=\"w-image-h\"><img loading=\"lazy\" decoding=\"async\" width=\"404\" height=\"309\" src=\"https:\/\/cleaneasybugaderies.com\/wp-content\/uploads\/2024\/01\/carnet-jove.png\" class=\"attachment-full size-full\" alt=\"descomptes amb el carnet jove\" srcset=\"https:\/\/cleaneasybugaderies.com\/wp-content\/uploads\/2024\/01\/carnet-jove.png 404w, https:\/\/cleaneasybugaderies.com\/wp-content\/uploads\/2024\/01\/carnet-jove-300x229.png 300w\" sizes=\"auto, (max-width: 404px) 100vw, 404px\" \/><\/div><\/div><\/div><\/div><div class=\"wpb_column vc_column_container us_custom_47474b22 infCl us_animate_this\"><div class=\"vc_column-inner\"><div class=\"wpb_text_column\"><div class=\"wpb_wrapper\"><h3>Special discounts with the youth card, +65 years&#8230; call us and be informed<\/h3>\n<\/div><\/div><div class=\"wpb_text_column\"><div class=\"wpb_wrapper\"><p>Request <strong>special discounts<\/strong> on the home service with the <strong>form<\/strong>, to the mail <strong>clean.easy.bugaderies@gmail.com <\/strong>or by calling <a href=\"tel:0034640113724\">0034 640 11 37 24<\/a> <\/p>\n<\/div><\/div><\/div><\/div><\/div><\/div><\/section><section class=\"l-section wpb_row us_custom_a518f36e txtMd us_animate_this height_medium\"><div class=\"l-section-h i-cf\"><div class=\"g-cols vc_row via_grid cols_1 laptops-cols_inherit tablets-cols_inherit mobiles-cols_1 valign_middle type_default stacking_default\"><div class=\"wpb_column vc_column_container\"><div class=\"vc_column-inner\"><div class=\"w-btn-wrapper align_center\"><a class=\"w-btn us-btn-style_1\" href=\"https:\/\/cleaneasybugaderies.com\/en\/prices\/\"><span class=\"w-btn-label\">Do you want to know our prices?<\/span><\/a><\/div><\/div><\/div><\/div><\/div><\/section><section class=\"l-section wpb_row height_small\" id=\"bnrMd\"><div class=\"l-section-h i-cf\"><div class=\"g-cols vc_row via_grid cols_3 laptops-cols_inherit tablets-cols_inherit mobiles-cols_1 valign_top type_default stacking_default\" style=\"--gap:8px;\"><div class=\"wpb_column vc_column_container us_custom_60e9caca us_animate_this\"><div class=\"vc_column-inner\"><div class=\"w-ibanner us_custom_eb849559 animation_caeros ratio_2x1 easing_ease\"><div class=\"w-ibanner-h\"><div class=\"w-ibanner-image\" style=\"background-image: url(https:\/\/cleaneasybugaderies.com\/wp-content\/uploads\/2024\/01\/Consells-img.jpg)\"><\/div><div class=\"w-ibanner-content\"><div class=\"w-ibanner-content-h\"><h5 class=\"w-ibanner-title\">Advices<\/h5><div class=\"w-ibanner-desc\"><\/div><\/div><\/div><\/div><a href=\"https:\/\/cleaneasybugaderies.com\/en\/advices\/\" aria-label=\"Advices\"><\/a><\/div><\/div><\/div><div class=\"wpb_column vc_column_container us_custom_de366d1c us_animate_this\"><div class=\"vc_column-inner\"><div class=\"w-ibanner us_custom_eb849559 animation_caeros ratio_2x1 easing_ease\"><div class=\"w-ibanner-h\"><div class=\"w-ibanner-image\" style=\"background-image: url(https:\/\/cleaneasybugaderies.com\/wp-content\/uploads\/2024\/01\/Responsabilitat-Social-Corporativa-img.jpg)\"><\/div><div class=\"w-ibanner-content\"><div class=\"w-ibanner-content-h\"><h5 class=\"w-ibanner-title\">Corporate Social Responsibility<\/h5><div class=\"w-ibanner-desc\"><\/div><\/div><\/div><\/div><a href=\"https:\/\/cleaneasybugaderies.com\/en\/corporate-social-responsibility\/\" aria-label=\"Corporate Social Responsibility\"><\/a><\/div><\/div><\/div><div class=\"wpb_column vc_column_container us_custom_8c71efed us_animate_this\"><div class=\"vc_column-inner\"><div class=\"w-ibanner us_custom_eb849559 animation_caeros ratio_2x1 easing_ease\"><div class=\"w-ibanner-h\"><div class=\"w-ibanner-image\" style=\"background-image: url(https:\/\/cleaneasybugaderies.com\/wp-content\/uploads\/2026\/02\/correo-electronico-ancho-1024x424.png)\"><\/div><div class=\"w-ibanner-content\"><div class=\"w-ibanner-content-h\"><h5 class=\"w-ibanner-title\">Frequently asked questions<\/h5><div class=\"w-ibanner-desc\"><\/div><\/div><\/div><\/div><a href=\"https:\/\/cleaneasybugaderies.com\/en\/frequently-asked-questions\/\" aria-label=\"Frequently asked questions\"><\/a><\/div><\/div><\/div><\/div><\/div><\/section><section class=\"l-section wpb_row height_medium\"><div class=\"l-section-h i-cf\"><div class=\"g-cols vc_row via_grid cols_1 laptops-cols_inherit tablets-cols_inherit mobiles-cols_1 valign_top type_default stacking_default\"><div class=\"wpb_column vc_column_container\"><div class=\"vc_column-inner\"><div class=\"wpb_text_column\"><div class=\"wpb_wrapper\"><\/div><\/div><\/div><\/div><\/div><\/div><\/section>\n","protected":false},"excerpt":{"rendered":"Express delivery service From 55\u20ac: wash, dry and fold in Barcelona Express delivery service From 55\u20ac: wash, dry and fold in Barcelona Industrial laundry for your household clothes Simplify your life with our local laundry services in Barcelona and Hospitalet del Llobregat. Express service in 6 hours Express pickupExpress laundry service in 6hFrom only \u20ac55...","protected":false},"author":2,"featured_media":0,"parent":0,"menu_order":0,"comment_status":"closed","ping_status":"closed","template":"","meta":{"_uf_show_specific_survey":0,"_uf_disable_surveys":false,"footnotes":""},"class_list":["post-3183","page","type-page","status-publish","hentry"],"aioseo_notices":[],"_links":{"self":[{"href":"https:\/\/cleaneasybugaderies.com\/en\/wp-json\/wp\/v2\/pages\/3183","targetHints":{"allow":["GET"]}}],"collection":[{"href":"https:\/\/cleaneasybugaderies.com\/en\/wp-json\/wp\/v2\/pages"}],"about":[{"href":"https:\/\/cleaneasybugaderies.com\/en\/wp-json\/wp\/v2\/types\/page"}],"author":[{"embeddable":true,"href":"https:\/\/cleaneasybugaderies.com\/en\/wp-json\/wp\/v2\/users\/2"}],"replies":[{"embeddable":true,"href":"https:\/\/cleaneasybugaderies.com\/en\/wp-json\/wp\/v2\/comments?post=3183"}],"version-history":[{"count":39,"href":"https:\/\/cleaneasybugaderies.com\/en\/wp-json\/wp\/v2\/pages\/3183\/revisions"}],"predecessor-version":[{"id":4176,"href":"https:\/\/cleaneasybugaderies.com\/en\/wp-json\/wp\/v2\/pages\/3183\/revisions\/4176"}],"wp:attachment":[{"href":"https:\/\/cleaneasybugaderies.com\/en\/wp-json\/wp\/v2\/media?parent=3183"}],"curies":[{"name":"wp","href":"https:\/\/api.w.org\/{rel}","templated":true}]}}